{"id":14579,"date":"2018-09-11T10:06:37","date_gmt":"2018-09-11T10:06:37","guid":{"rendered":"http:\/\/www.kreat-ing.com\/?page_id=14579"},"modified":"2025-03-06T15:04:38","modified_gmt":"2025-03-06T15:04:38","slug":"szolgaltatasaink","status":"publish","type":"page","link":"https:\/\/www.kreat-ing.com\/hu\/szolgaltatasaink\/","title":{"rendered":"Szolg\u00e1ltat\u00e1saink"},"content":{"rendered":"<p>[vc_row][vc_column]<div class=\"dfd-heading-shortcode\"><div class=\"dfd-heading-module-wrap  text-center style_11 dfd-heading-6a05e969c316a dfd-disable-resposive-headings\" id=\"dfd-heading-6a05e969c316a\" ><div class=\"inline-block\"><div class=\"dfd-heading-module\"><div class=\"title-wrap\"><div class=\"dfd-heading-delimiter dfd-img-lazy-load\"><\/div><h5 class=\"widget-title dfd-title \" style=\"\"><strong>SZOLG\u00c1LTAT\u00c1SAINK<\/strong><\/h5><div class=\"dfd-heading-delimiter dfd-img-lazy-load\"><\/div><\/div><\/div><\/div><\/div><script type=\"text\/javascript\">\r\n\t\t\t\t\t\t\t\t\t(function($) {\r\n\t\t\t\t\t\t\t\t\t\t$(\"head\").append(\"<style>.dfd-heading-6a05e969c316a.dfd-heading-module-wrap .dfd-heading-module .dfd-heading-delimiter {border-bottom-style:solid;border-bottom-width:1px;width:100px;border-bottom-color:#6dab3c;}.dfd-heading-6a05e969c316a.dfd-heading-module-wrap .dfd-heading-module .dfd-heading-delimiter {margin-top:10px;margin-bottom:10px;}<\/style>\");\r\n\t\t\t\t\t\t\t\t\t})(jQuery);\r\n\t\t\t\t\t\t\t\t<\/script><\/div><div class=\"dfd-spacer-module\"  data-units=\"px\" data-wide_resolution=\"1280\" data-wide_size=\"20\" data-normal_resolution=\"1024\" data-normal_size=\"20\" data-tablet_resolution=\"800\" data-tablet_size=\"5\" data-mobile_resolution=\"480\" data-mobile_size=\"5\" style=\"height: 20px;\"><\/div>[vc_row_inner][vc_column_inner width=&#8221;1\/4&#8243;]<div class=\"dfd-spacer-module\"  data-units=\"px\" data-wide_resolution=\"1280\" data-wide_size=\"65\" data-normal_resolution=\"1024\" data-normal_size=\"65\" data-tablet_resolution=\"800\" data-tablet_size=\"10\" data-mobile_resolution=\"480\" data-mobile_size=\"10\" style=\"height: 65px;\"><\/div>[vc_single_image image=&#8221;14787&#8243; img_size=&#8221;225&#215;225&#8243; alignment=&#8221;center&#8221; css_animation=&#8221;none&#8221; onclick=&#8221;custom_link&#8221; link=&#8221;\/hu\/referenciak\/&#8221;][\/vc_column_inner][vc_column_inner width=&#8221;3\/4&#8243;]<div class=\"dfd-spacer-module\"  data-units=\"px\" data-wide_resolution=\"1280\" data-wide_size=\"70\" data-normal_resolution=\"1024\" data-normal_size=\"70\" data-tablet_resolution=\"800\" data-tablet_size=\"10\" data-mobile_resolution=\"480\" data-mobile_size=\"10\" style=\"height: 70px;\"><\/div><div class=\"dfd-heading-shortcode\"><div class=\"dfd-heading-module-wrap  text-left style_01 dfd-heading-6a05e969c34df dfd-disable-resposive-headings\" id=\"dfd-heading-6a05e969c34df\" ><div class=\"inline-block\"><div class=\"dfd-heading-module\"><h5 class=\"widget-title dfd-title \" style=\"\">T\u00e9rbetonok kivitelez\u00e9se<\/h5><div class=\"dfd-heading-delimiter dfd-img-lazy-load\"><\/div><\/div><\/div><\/div><script type=\"text\/javascript\">\r\n\t\t\t\t\t\t\t\t\t(function($) {\r\n\t\t\t\t\t\t\t\t\t\t$(\"head\").append(\"<style>.dfd-heading-6a05e969c34df.dfd-heading-module-wrap .dfd-heading-module .dfd-heading-delimiter {border-bottom-style:solid;border-bottom-width:1px;width:px;border-bottom-color:#6dab3c;}.dfd-heading-6a05e969c34df.dfd-heading-module-wrap .dfd-heading-module .dfd-heading-delimiter {margin-top:10px;margin-bottom:10px;}<\/style>\");\r\n\t\t\t\t\t\t\t\t\t})(jQuery);\r\n\t\t\t\t\t\t\t\t<\/script><\/div>[vc_column_text css_animation=&#8221;none&#8221;]A bazaltbetonok (CP) bedolgoz\u00e1sa nagy odafigyel\u00e9st ig\u00e9nyel, amit teljes m\u00e9rt\u00e9kben megkap a mi szolg\u00e1ltat\u00e1sainkkal.<\/p>\n<p>Megold\u00e1saink ide\u00e1lisak k\u00fclt\u00e9ri parkol\u00f3k, \u00fatak, rept\u00e9ri kifut\u00f3k burkol\u00e1s\u00e1ra, r\u00e1burkol\u00e1s\u00e1ra vagy jav\u00edt\u00e1s\u00e1ra.<\/p>\n<p>Napi teljes\u00edt\u00e9s\u00fcnk 1.200-3.500 m\u00b2.[\/vc_column_text]<div id=\"dfd-button-6a05e969c3683\" class=\"dfd-button-module-wrap dfd-button-6a05e969c3683\"><div class=\"dfd-button-module  style_5 text-center dfd-horizontal dfd-top-to-bottom dfd-button-icon-left dfd-button-icon-hover-simple\" ><a href=\"https:\/\/www.kreat-ing.com\/hu\/referenciak\/\"title=\"Referenci\u00e1k\" class=\"dfd-button-link\"><span class=\"dfd-button-inner-cover\"><span class=\"dfd-button-text-main\"><i class=\"fas fa-angle-double-right\"><\/i>B\u0151vebben<\/span><\/span><\/a><\/div><script type=\"text\/javascript\">\r\n\t\t\t\t\t\t\t\t\t(function($) {$(\"head\").append(\"<style>#dfd-button-6a05e969c3683.dfd-button-module-wrap .dfd-button-module .dfd-button-link .dfd-button-inner-cover .dfd-button-text-main,.dfd-button-6a05e969c3683.dfd-button-module-wrap .dfd-button-module .dfd-button-link .dfd-button-inner-cover .dfd-button-text-main {color: #ffffff}#dfd-button-6a05e969c3683.dfd-button-module-wrap .dfd-button-module .dfd-button-link .dfd-button-inner-cover,.dfd-button-6a05e969c3683.dfd-button-module-wrap .dfd-button-module .dfd-button-link .dfd-button-border-decoration,.dfd-button-6a05e969c3683.dfd-button-module-wrap .dfd-button-module .dfd-button-link .dfd-button-inner-cover {border-radius:2px;}#dfd-button-6a05e969c3683.dfd-button-module-wrap .dfd-button-module:not(.style_4) .dfd-button-link .dfd-button-inner-cover:before,#dfd-button-6a05e969c3683.dfd-button-module-wrap .dfd-button-module.style_4 .dfd-button-link .dfd-button-inner-cover:after,#dfd-button-6a05e969c3683.dfd-button-module-wrap .dfd-button-module.style_6 .dfd-button-link .dfd-button-inner-cover .dfd-button-text-main,.dfd-button-6a05e969c3683.dfd-button-module-wrap .dfd-button-module:not(.style_4) .dfd-button-link .dfd-button-inner-cover:before,.dfd-button-6a05e969c3683.dfd-button-module-wrap .dfd-button-module.style_4 .dfd-button-link .dfd-button-inner-cover:after,.dfd-button-6a05e969c3683.dfd-button-module-wrap .dfd-button-module.style_6 .dfd-button-link .dfd-button-inner-cover .dfd-button-text-main {background: #1b1b1b;border-style:solid;border-width:1px;border-radius:2px;border-color:#1b1b1b;}#dfd-button-6a05e969c3683.dfd-button-module-wrap .dfd-button-module:not(.style_6) .dfd-button-link:hover .dfd-button-inner-cover .dfd-button-text-main,#dfd-button-6a05e969c3683.dfd-button-module-wrap .dfd-button-module .dfd-button-link .dfd-button-inner-cover .dfd-button-text-hover,.dfd-button-6a05e969c3683.dfd-button-module-wrap .dfd-button-module:not(.style_6) .dfd-button-link:hover .dfd-button-inner-cover .dfd-button-text-main,.dfd-button-6a05e969c3683.dfd-button-module-wrap .dfd-button-module .dfd-button-link .dfd-button-inner-cover .dfd-button-text-hover {color: #ffffff;}#dfd-button-6a05e969c3683.dfd-button-module-wrap .dfd-button-module .dfd-button-link:hover .dfd-button-inner-cover,.dfd-button-6a05e969c3683.dfd-button-module-wrap .dfd-button-module .dfd-button-link:hover .dfd-button-border-decoration,.dfd-button-6a05e969c3683.dfd-button-module-wrap .dfd-button-module .dfd-button-link:hover .dfd-button-inner-cover {border-radius:2px;}#dfd-button-6a05e969c3683.dfd-button-module-wrap .dfd-button-module:not(.style_4) .dfd-button-link .dfd-button-inner-cover:after,#dfd-button-6a05e969c3683.dfd-button-module-wrap .dfd-button-module.style_4 .dfd-button-link .dfd-button-inner-cover:before,#dfd-button-6a05e969c3683.dfd-button-module-wrap .dfd-button-module .dfd-button-link .dfd-button-inner-cover .dfd-button-text-hover .dfd-button-6a05e969c3683.dfd-button-module-wrap .dfd-button-module:not(.style_4) .dfd-button-link .dfd-button-inner-cover:after,.dfd-button-6a05e969c3683.dfd-button-module-wrap .dfd-button-module.style_4 .dfd-button-link .dfd-button-inner-cover:before,.dfd-button-6a05e969c3683.dfd-button-module-wrap .dfd-button-module .dfd-button-link .dfd-button-inner-cover .dfd-button-text-hover {background: #c39f76;border-style:solid;border-width:1px;border-radius:2px;border-color:#c39f76;}#dfd-button-6a05e969c3683.dfd-button-module-wrap .dfd-button-module.style_3 .dfd-button-link:hover .dfd-button-inner-cover:before,#dfd-button-6a05e969c3683.dfd-button-module-wrap .dfd-button-module.style_4 .dfd-button-link:hover .dfd-button-inner-cover:before,.dfd-button-6a05e969c3683.dfd-button-module-wrap .dfd-button-module.style_3 .dfd-button-link:hover .dfd-button-inner-cover:before,.dfd-button-6a05e969c3683.dfd-button-module-wrap .dfd-button-module.style_4 .dfd-button-link:hover .dfd-button-inner-cover:before {border-style:solid;border-width:1px;border-radius:2px;border-color:#c39f76;}<\/style>\")\r\n\t\t\t\t\t\t\t\t\t})(jQuery);\r\n\t\t\t\t\t\t\t\t<\/script><\/div>[\/vc_column_inner][\/vc_row_inner]<div class=\"dfd-spacer-module\"  data-units=\"px\" data-wide_resolution=\"1280\" data-wide_size=\"25\" data-normal_resolution=\"1024\" data-normal_size=\"25\" data-tablet_resolution=\"800\" data-tablet_size=\"15\" data-mobile_resolution=\"480\" data-mobile_size=\"15\" style=\"height: 25px;\"><\/div>[vc_row_inner][vc_column_inner width=&#8221;1\/4&#8243;]<div class=\"dfd-spacer-module\"  data-units=\"px\" data-wide_resolution=\"1280\" data-wide_size=\"65\" data-normal_resolution=\"1024\" data-normal_size=\"65\" data-tablet_resolution=\"800\" data-tablet_size=\"10\" data-mobile_resolution=\"480\" data-mobile_size=\"10\" style=\"height: 65px;\"><\/div>[vc_single_image image=&#8221;14482&#8243; img_size=&#8221;225&#215;225&#8243; alignment=&#8221;center&#8221; css_animation=&#8221;none&#8221;][\/vc_column_inner][vc_column_inner width=&#8221;3\/4&#8243;]<div class=\"dfd-spacer-module\"  data-units=\"px\" data-wide_resolution=\"1280\" data-wide_size=\"70\" data-normal_resolution=\"1024\" data-normal_size=\"70\" data-tablet_resolution=\"800\" data-tablet_size=\"10\" data-mobile_resolution=\"480\" data-mobile_size=\"10\" style=\"height: 70px;\"><\/div><div class=\"dfd-heading-shortcode\"><div class=\"dfd-heading-module-wrap  text-left style_01 dfd-heading-6a05e969c39df dfd-disable-resposive-headings\" id=\"dfd-heading-6a05e969c39df\" ><div class=\"inline-block\"><div class=\"dfd-heading-module\"><h5 class=\"widget-title dfd-title \" style=\"\">Ipari padl\u00f3k kivitelez\u00e9se<\/h5><div class=\"dfd-heading-delimiter dfd-img-lazy-load\"><\/div><\/div><\/div><\/div><script type=\"text\/javascript\">\r\n\t\t\t\t\t\t\t\t\t(function($) {\r\n\t\t\t\t\t\t\t\t\t\t$(\"head\").append(\"<style>.dfd-heading-6a05e969c39df.dfd-heading-module-wrap .dfd-heading-module .dfd-heading-delimiter {border-bottom-style:solid;border-bottom-width:1px;width:px;border-bottom-color:#6dab3c;}.dfd-heading-6a05e969c39df.dfd-heading-module-wrap .dfd-heading-module .dfd-heading-delimiter {margin-top:10px;margin-bottom:10px;}<\/style>\");\r\n\t\t\t\t\t\t\t\t\t})(jQuery);\r\n\t\t\t\t\t\t\t\t<\/script><\/div>[vc_column_text css_animation=&#8221;none&#8221;]<\/p>\n<p style=\"text-align: left;\">B\u00e1rmilyen t\u00edpus\u00fa, er\u0151s\u00edt\u00e9s\u0171, vasaz\u00e1s\u00fa \u00e9s fel\u00fclet kezel\u00e9s\u0171 belt\u00e9ri betonpadl\u00f3 \u00e9s f\u00f6d\u00e9m betonoz\u00e1si munk\u00e1latait v\u00e1llaljuk.<\/p>\n<p style=\"text-align: left;\">Aj\u00e1nljuk tapasztalt csapatunkat csarnokok, parkol\u00f3h\u00e1zak padl\u00f3inak betonoz\u00e1s\u00e1ra, r\u00e1betonoz\u00e1s\u00e1ra vagy jav\u00edt\u00e1s\u00e1ra.<\/p>\n<p style=\"text-align: left;\">Napi teljes\u00edt\u00e9s\u00fcnk 1.000-3.500 m\u00b2.<\/p>\n<p>[\/vc_column_text][\/vc_column_inner][\/vc_row_inner][\/vc_column][\/vc_row]<\/p>\n","protected":false},"excerpt":{"rendered":"<p>[vc_row][vc_column][vc_row_inner][vc_column_inner width=&#8221;1\/4&#8243;][vc_single_image image=&#8221;14787&#8243; img_size=&#8221;225&#215;225&#8243; alignment=&#8221;center&#8221; css_animation=&#8221;none&#8221; onclick=&#8221;custom_link&#8221; link=&#8221;\/hu\/referenciak\/&#8221;][\/vc_column_inner][vc_column_inner width=&#8221;3\/4&#8243;][vc_column_text css_animation=&#8221;none&#8221;]A bazaltbetonok (CP) bedolgoz\u00e1sa nagy odafigyel\u00e9st ig\u00e9nyel, amit teljes m\u00e9rt\u00e9kben megkap a mi szolg\u00e1ltat\u00e1sainkkal. Megold\u00e1saink ide\u00e1lisak k\u00fclt\u00e9ri parkol\u00f3k, \u00fatak, rept\u00e9ri kifut\u00f3k<\/p>\n","protected":false},"author":1,"featured_media":0,"parent":0,"menu_order":0,"comment_status":"closed","ping_status":"closed","template":"","meta":{"footnotes":""},"class_list":["post-14579","page","type-page","status-publish","hentry"],"yoast_head":"<!-- This site is optimized with the Yoast SEO plugin v23.6 - https:\/\/yoast.com\/wordpress\/plugins\/seo\/ -->\n<title>Szolg\u00e1ltat\u00e1saink - Profeszion\u00e1lis Beton Fel\u00fcletek<\/title>\n<meta name=\"robots\" content=\"index, follow, max-snippet:-1, max-image-preview:large, max-video-preview:-1\" \/>\n<link rel=\"canonical\" href=\"https:\/\/www.kreat-ing.com\/hu\/szolgaltatasaink\/\" \/>\n<meta property=\"og:locale\" content=\"hu_HU\" \/>\n<meta property=\"og:type\" content=\"article\" \/>\n<meta property=\"og:title\" content=\"Szolg\u00e1ltat\u00e1saink - Profeszion\u00e1lis Beton Fel\u00fcletek\" \/>\n<meta property=\"og:description\" content=\"[vc_row][vc_column][vc_row_inner][vc_column_inner width=&#8221;1\/4&#8243;][vc_single_image image=&#8221;14787&#8243; img_size=&#8221;225&#215;225&#8243; alignment=&#8221;center&#8221; css_animation=&#8221;none&#8221; onclick=&#8221;custom_link&#8221; link=&#8221;\/hu\/referenciak\/&#8221;][\/vc_column_inner][vc_column_inner width=&#8221;3\/4&#8243;][vc_column_text css_animation=&#8221;none&#8221;]A bazaltbetonok (CP) bedolgoz\u00e1sa nagy odafigyel\u00e9st ig\u00e9nyel, amit teljes m\u00e9rt\u00e9kben megkap a mi szolg\u00e1ltat\u00e1sainkkal. Megold\u00e1saink ide\u00e1lisak k\u00fclt\u00e9ri parkol\u00f3k, \u00fatak, rept\u00e9ri kifut\u00f3k\" \/>\n<meta property=\"og:url\" content=\"https:\/\/www.kreat-ing.com\/hu\/szolgaltatasaink\/\" \/>\n<meta property=\"og:site_name\" content=\"Profeszion\u00e1lis Beton Fel\u00fcletek\" \/>\n<meta property=\"article:modified_time\" content=\"2025-03-06T15:04:38+00:00\" \/>\n<meta name=\"twitter:card\" content=\"summary_large_image\" \/>\n<meta name=\"twitter:label1\" content=\"Est. reading time\" \/>\n\t<meta name=\"twitter:data1\" content=\"2 minutes\" \/>\n<script type=\"application\/ld+json\" class=\"yoast-schema-graph\">{\"@context\":\"https:\/\/schema.org\",\"@graph\":[{\"@type\":\"WebPage\",\"@id\":\"https:\/\/www.kreat-ing.com\/hu\/szolgaltatasaink\/\",\"url\":\"https:\/\/www.kreat-ing.com\/hu\/szolgaltatasaink\/\",\"name\":\"Szolg\u00e1ltat\u00e1saink - Profeszion\u00e1lis Beton Fel\u00fcletek\",\"isPartOf\":{\"@id\":\"https:\/\/www.kreat-ing.com\/#website\"},\"datePublished\":\"2018-09-11T10:06:37+00:00\",\"dateModified\":\"2025-03-06T15:04:38+00:00\",\"breadcrumb\":{\"@id\":\"https:\/\/www.kreat-ing.com\/hu\/szolgaltatasaink\/#breadcrumb\"},\"inLanguage\":\"hu-HU\",\"potentialAction\":[{\"@type\":\"ReadAction\",\"target\":[\"https:\/\/www.kreat-ing.com\/hu\/szolgaltatasaink\/\"]}]},{\"@type\":\"BreadcrumbList\",\"@id\":\"https:\/\/www.kreat-ing.com\/hu\/szolgaltatasaink\/#breadcrumb\",\"itemListElement\":[{\"@type\":\"ListItem\",\"position\":1,\"name\":\"Home\",\"item\":\"https:\/\/www.kreat-ing.com\/\"},{\"@type\":\"ListItem\",\"position\":2,\"name\":\"Szolg\u00e1ltat\u00e1saink\"}]},{\"@type\":\"WebSite\",\"@id\":\"https:\/\/www.kreat-ing.com\/#website\",\"url\":\"https:\/\/www.kreat-ing.com\/\",\"name\":\"Profeszion\u00e1lis Beton Fel\u00fcletek\",\"description\":\"Utak, repterek, kulteri beton feluletek\",\"publisher\":{\"@id\":\"https:\/\/www.kreat-ing.com\/#organization\"},\"potentialAction\":[{\"@type\":\"SearchAction\",\"target\":{\"@type\":\"EntryPoint\",\"urlTemplate\":\"https:\/\/www.kreat-ing.com\/?s={search_term_string}\"},\"query-input\":{\"@type\":\"PropertyValueSpecification\",\"valueRequired\":true,\"valueName\":\"search_term_string\"}}],\"inLanguage\":\"hu-HU\"},{\"@type\":\"Organization\",\"@id\":\"https:\/\/www.kreat-ing.com\/#organization\",\"name\":\"Kreat-Ing SRL\",\"url\":\"https:\/\/www.kreat-ing.com\/\",\"logo\":{\"@type\":\"ImageObject\",\"inLanguage\":\"hu-HU\",\"@id\":\"https:\/\/www.kreat-ing.com\/#\/schema\/logo\/image\/\",\"url\":\"https:\/\/www.kreat-ing.com\/wp-content\/uploads\/2018\/06\/Logo.jpg\",\"contentUrl\":\"https:\/\/www.kreat-ing.com\/wp-content\/uploads\/2018\/06\/Logo.jpg\",\"width\":1845,\"height\":409,\"caption\":\"Kreat-Ing SRL\"},\"image\":{\"@id\":\"https:\/\/www.kreat-ing.com\/#\/schema\/logo\/image\/\"}}]}<\/script>\n<!-- \/ Yoast SEO plugin. -->","yoast_head_json":{"title":"Szolg\u00e1ltat\u00e1saink - Profeszion\u00e1lis Beton Fel\u00fcletek","robots":{"index":"index","follow":"follow","max-snippet":"max-snippet:-1","max-image-preview":"max-image-preview:large","max-video-preview":"max-video-preview:-1"},"canonical":"https:\/\/www.kreat-ing.com\/hu\/szolgaltatasaink\/","og_locale":"hu_HU","og_type":"article","og_title":"Szolg\u00e1ltat\u00e1saink - Profeszion\u00e1lis Beton Fel\u00fcletek","og_description":"[vc_row][vc_column][vc_row_inner][vc_column_inner width=&#8221;1\/4&#8243;][vc_single_image image=&#8221;14787&#8243; img_size=&#8221;225&#215;225&#8243; alignment=&#8221;center&#8221; css_animation=&#8221;none&#8221; onclick=&#8221;custom_link&#8221; link=&#8221;\/hu\/referenciak\/&#8221;][\/vc_column_inner][vc_column_inner width=&#8221;3\/4&#8243;][vc_column_text css_animation=&#8221;none&#8221;]A bazaltbetonok (CP) bedolgoz\u00e1sa nagy odafigyel\u00e9st ig\u00e9nyel, amit teljes m\u00e9rt\u00e9kben megkap a mi szolg\u00e1ltat\u00e1sainkkal. Megold\u00e1saink ide\u00e1lisak k\u00fclt\u00e9ri parkol\u00f3k, \u00fatak, rept\u00e9ri kifut\u00f3k","og_url":"https:\/\/www.kreat-ing.com\/hu\/szolgaltatasaink\/","og_site_name":"Profeszion\u00e1lis Beton Fel\u00fcletek","article_modified_time":"2025-03-06T15:04:38+00:00","twitter_card":"summary_large_image","twitter_misc":{"Est. reading time":"2 minutes"},"schema":{"@context":"https:\/\/schema.org","@graph":[{"@type":"WebPage","@id":"https:\/\/www.kreat-ing.com\/hu\/szolgaltatasaink\/","url":"https:\/\/www.kreat-ing.com\/hu\/szolgaltatasaink\/","name":"Szolg\u00e1ltat\u00e1saink - Profeszion\u00e1lis Beton Fel\u00fcletek","isPartOf":{"@id":"https:\/\/www.kreat-ing.com\/#website"},"datePublished":"2018-09-11T10:06:37+00:00","dateModified":"2025-03-06T15:04:38+00:00","breadcrumb":{"@id":"https:\/\/www.kreat-ing.com\/hu\/szolgaltatasaink\/#breadcrumb"},"inLanguage":"hu-HU","potentialAction":[{"@type":"ReadAction","target":["https:\/\/www.kreat-ing.com\/hu\/szolgaltatasaink\/"]}]},{"@type":"BreadcrumbList","@id":"https:\/\/www.kreat-ing.com\/hu\/szolgaltatasaink\/#breadcrumb","itemListElement":[{"@type":"ListItem","position":1,"name":"Home","item":"https:\/\/www.kreat-ing.com\/"},{"@type":"ListItem","position":2,"name":"Szolg\u00e1ltat\u00e1saink"}]},{"@type":"WebSite","@id":"https:\/\/www.kreat-ing.com\/#website","url":"https:\/\/www.kreat-ing.com\/","name":"Profeszion\u00e1lis Beton Fel\u00fcletek","description":"Utak, repterek, kulteri beton feluletek","publisher":{"@id":"https:\/\/www.kreat-ing.com\/#organization"},"potentialAction":[{"@type":"SearchAction","target":{"@type":"EntryPoint","urlTemplate":"https:\/\/www.kreat-ing.com\/?s={search_term_string}"},"query-input":{"@type":"PropertyValueSpecification","valueRequired":true,"valueName":"search_term_string"}}],"inLanguage":"hu-HU"},{"@type":"Organization","@id":"https:\/\/www.kreat-ing.com\/#organization","name":"Kreat-Ing SRL","url":"https:\/\/www.kreat-ing.com\/","logo":{"@type":"ImageObject","inLanguage":"hu-HU","@id":"https:\/\/www.kreat-ing.com\/#\/schema\/logo\/image\/","url":"https:\/\/www.kreat-ing.com\/wp-content\/uploads\/2018\/06\/Logo.jpg","contentUrl":"https:\/\/www.kreat-ing.com\/wp-content\/uploads\/2018\/06\/Logo.jpg","width":1845,"height":409,"caption":"Kreat-Ing SRL"},"image":{"@id":"https:\/\/www.kreat-ing.com\/#\/schema\/logo\/image\/"}}]}},"_links":{"self":[{"href":"https:\/\/www.kreat-ing.com\/hu\/wp-json\/wp\/v2\/pages\/14579"}],"collection":[{"href":"https:\/\/www.kreat-ing.com\/hu\/wp-json\/wp\/v2\/pages"}],"about":[{"href":"https:\/\/www.kreat-ing.com\/hu\/wp-json\/wp\/v2\/types\/page"}],"author":[{"embeddable":true,"href":"https:\/\/www.kreat-ing.com\/hu\/wp-json\/wp\/v2\/users\/1"}],"replies":[{"embeddable":true,"href":"https:\/\/www.kreat-ing.com\/hu\/wp-json\/wp\/v2\/comments?post=14579"}],"version-history":[{"count":2,"href":"https:\/\/www.kreat-ing.com\/hu\/wp-json\/wp\/v2\/pages\/14579\/revisions"}],"predecessor-version":[{"id":78307,"href":"https:\/\/www.kreat-ing.com\/hu\/wp-json\/wp\/v2\/pages\/14579\/revisions\/78307"}],"wp:attachment":[{"href":"https:\/\/www.kreat-ing.com\/hu\/wp-json\/wp\/v2\/media?parent=14579"}],"curies":[{"name":"wp","href":"https:\/\/api.w.org\/{rel}","templated":true}]}}