{"id":14597,"date":"2018-09-11T11:13:17","date_gmt":"2018-09-11T11:13:17","guid":{"rendered":"http:\/\/www.kreat-ing.com\/?page_id=14597"},"modified":"2018-10-10T13:27:26","modified_gmt":"2018-10-10T13:27:26","slug":"kapcsolat","status":"publish","type":"page","link":"https:\/\/www.kreat-ing.com\/hu\/kapcsolat\/","title":{"rendered":"Kapcsolat"},"content":{"rendered":"<p>[vc_row][vc_column]<div class=\"dfd-heading-shortcode\"><div class=\"dfd-heading-module-wrap  text-center style_11 dfd-heading-6a061109c5b5f dfd-disable-resposive-headings\" id=\"dfd-heading-6a061109c5b5f\" ><div class=\"inline-block\"><div class=\"dfd-heading-module\"><div class=\"title-wrap\"><div class=\"dfd-heading-delimiter dfd-img-lazy-load\"><\/div><h5 class=\"widget-title dfd-title \" style=\"\">KAPCSOLAT<\/h5><div class=\"dfd-heading-delimiter dfd-img-lazy-load\"><\/div><\/div><\/div><\/div><\/div><script type=\"text\/javascript\">\r\n\t\t\t\t\t\t\t\t\t(function($) {\r\n\t\t\t\t\t\t\t\t\t\t$(\"head\").append(\"<style>.dfd-heading-6a061109c5b5f.dfd-heading-module-wrap .dfd-heading-module .dfd-heading-delimiter {border-bottom-style:solid;border-bottom-width:1px;width:px;border-bottom-color:#6dab3c;}.dfd-heading-6a061109c5b5f.dfd-heading-module-wrap .dfd-heading-module .dfd-heading-delimiter {margin-top:10px;margin-bottom:10px;}<\/style>\");\r\n\t\t\t\t\t\t\t\t\t})(jQuery);\r\n\t\t\t\t\t\t\t\t<\/script><\/div><div class=\"dfd-spacer-module\"  data-units=\"px\" data-wide_resolution=\"1280\" data-wide_size=\"80\" data-normal_resolution=\"1024\" data-normal_size=\"80\" data-tablet_resolution=\"800\" data-tablet_size=\"5\" data-mobile_resolution=\"480\" data-mobile_size=\"5\" style=\"height: 80px;\"><\/div>[vc_column_text]<\/p>\n<p style=\"text-align: center;\">Kapcsolatba l\u00e9phet vel\u00fcnk kit\u00f6ltve az al\u00e1bbi \u0171rlapot.<br \/>\nEgy munkat\u00e1rsunk lehet\u0151 leghamarabb v\u00e1lasz\u00f3l.<\/p>\n<p>[\/vc_column_text]<div class=\"dfd-spacer-module\"  data-units=\"px\" data-wide_resolution=\"1280\" data-wide_size=\"15\" data-normal_resolution=\"1024\" data-normal_size=\"15\" data-tablet_resolution=\"800\" data-tablet_size=\"3\" data-mobile_resolution=\"480\" data-mobile_size=\"3\" style=\"height: 15px;\"><\/div>[\/vc_column][\/vc_row][vc_row dfd_row_responsive_enable=&#8221;dfd-row-responsive-enable&#8221;][vc_column width=&#8221;1\/3&#8243;][\/vc_column][vc_column width=&#8221;1\/3&#8243; el_class=&#8221;center&#8221;]\n<div class=\"wpcf7 no-js\" id=\"wpcf7-f14686-o1\" lang=\"ro-RO\" dir=\"ltr\">\n<div class=\"screen-reader-response\"><p role=\"status\" aria-live=\"polite\" aria-atomic=\"true\"><\/p> <ul><\/ul><\/div>\n<form action=\"\/hu\/wp-json\/wp\/v2\/pages\/14597#wpcf7-f14686-o1\" method=\"post\" class=\"wpcf7-form init cf7-style\" aria-label=\"Contact form\" novalidate=\"novalidate\" data-status=\"init\">\n<div style=\"display: none;\">\n<input type=\"hidden\" name=\"_wpcf7\" value=\"14686\" \/>\n<input type=\"hidden\" name=\"_wpcf7_version\" value=\"5.9.8\" \/>\n<input type=\"hidden\" name=\"_wpcf7_locale\" value=\"ro_RO\" \/>\n<input type=\"hidden\" name=\"_wpcf7_unit_tag\" value=\"wpcf7-f14686-o1\" \/>\n<input type=\"hidden\" name=\"_wpcf7_container_post\" value=\"0\" \/>\n<input type=\"hidden\" name=\"_wpcf7_posted_data_hash\" value=\"\" \/>\n<\/div>\n<div class=\"row\">\n\t<div class=\"six\">\n\t\t<p><span class=\"wpcf7-form-control-wrap\" data-name=\"your-name\"><input size=\"40\" maxlength=\"400\" class=\"wpcf7-form-control wpcf7-text wpcf7-validates-as-required\" aria-required=\"true\" aria-invalid=\"false\" placeholder=\"N\u00c9V\" value=\"\" type=\"text\" name=\"your-name\" \/><\/span><span class=\"wpcf7-form-control-wrap\" data-name=\"your-email\"><input size=\"40\" maxlength=\"400\" class=\"wpcf7-form-control wpcf7-email wpcf7-text wpcf7-validates-as-email\" aria-invalid=\"false\" placeholder=\"EMAIL\" value=\"\" type=\"email\" name=\"your-email\" \/><\/span>\n\t\t<\/p>\n\t<\/div>\n\t<div class=\"six\">\n\t\t<p><span class=\"wpcf7-form-control-wrap\" data-name=\"your-subject\"><input size=\"40\" maxlength=\"400\" class=\"wpcf7-form-control wpcf7-text\" aria-invalid=\"false\" placeholder=\"T\u00c1RGY\" value=\"\" type=\"text\" name=\"your-subject\" \/><\/span><span class=\"wpcf7-form-control-wrap\" data-name=\"your-phone\"><input size=\"40\" maxlength=\"400\" class=\"wpcf7-form-control wpcf7-text\" aria-invalid=\"false\" placeholder=\"TELEFON\" value=\"\" type=\"text\" name=\"your-phone\" \/><\/span>\n\t\t<\/p>\n\t<\/div>\n\t<div class=\"twelve\">\n\t\t<p><span class=\"wpcf7-form-control-wrap\" data-name=\"your-message\"><textarea cols=\"40\" rows=\"10\" maxlength=\"2000\" class=\"wpcf7-form-control wpcf7-textarea\" aria-invalid=\"false\" placeholder=\"\u00dcZENET\" name=\"your-message\"><\/textarea><\/span>\n\t\t<\/p>\n\t<\/div>\n\t<div class=\"six check-box\" >\n\t\t<p><span class=\"wpcf7-form-control-wrap\" data-name=\"acceptance-649\"><span class=\"wpcf7-form-control wpcf7-acceptance optional\"><span class=\"wpcf7-list-item\"><label><input type=\"checkbox\" name=\"acceptance-649\" value=\"1\" aria-invalid=\"false\" \/><span class=\"wpcf7-list-item-label\">Elfogadom az adatv\u00e9delmi el\u0151\u00edr\u00e1sokat.<\/span><\/label><\/span><\/span><\/span>\n\t\t<\/p>\n\t<\/div>\n\t<div class=\"six submit-button\" style=\"float:right;\">\n\t\t<p><input class=\"wpcf7-form-control wpcf7-submit has-spinner\" type=\"submit\" value=\"K\u00dcLD\u00c9S\" \/>\n\t\t<\/p>\n\t<\/div>\n<\/div><div class=\"wpcf7-response-output\" aria-hidden=\"true\"><\/div>\n<\/form>\n<\/div>\n[\/vc_column][vc_column width=&#8221;1\/3&#8243;][\/vc_column][\/vc_row][vc_row][vc_column][vc_column_text]<\/p>\n<p style=\"text-align: center;\">H\u00f3nlapunk legt\u00f6bb oldala l\u00e1togathat\u00f3, an\u00e9lk\u00fcl, hogy szem\u00e9lyes adatait megadn\u00e1, p\u00e9ld\u00e1ul nev\u00e9t vagy e-mail c\u00edm\u00e9t. Azonban bizonyos inform\u00e1ci\u00f3kat automatiz\u00e1lt m\u00f3don kapunk, amikor webhely\u00fcnket\u00a0 l\u00e1togatja, cookie-k \u00e9s pixelc\u00edmk\u00e9ket haszn\u00e1lat\u00e1val, amelyek az internetes ipar\u00e1g szabv\u00e1nyos eszk\u00f6zei. A cookie-k \u00e9s a pixelc\u00edmk\u00e9k seg\u00edts\u00e9g\u00e9vel tudom\u00e1st vesz\u00fcnk az\u00a0 IP-c\u00edm\u00e9r\u0151l, a haszn\u00e1lt b\u00f6ng\u00e9sz\u0151 t\u00edpus\u00e1r\u00f3l \u00e9s az \u00e1ltal\u00e1nos b\u00f6ng\u00e9sz\u00e9si tev\u00e9kenys\u00e9gr\u0151l.<br \/>\nA www.kreat-ing.com v\u00e1llalja, hogy megv\u00e9di szem\u00e9lyes adatait, \u00e9s \u00edgy nem tov\u00e1bb\u00edtja az illet\u00e9ktelen harmadik feleknek a webhely felhaszn\u00e1l\u00f3inak szem\u00e9lyes adatait, \u00e9s kiz\u00e1r\u00f3lag az \u00fcgyfelek kapcsolatfelv\u00e9tel\u00e9re \u00e9s t\u00e1j\u00e9koztat\u00e1s\u00e1ra haszn\u00e1lja \u0151ket.<br \/>\nAz \u00f6n \u00e1ltal megadott inform\u00e1ci\u00f3kat azon c\u00e9lra haszn\u00e1ljuk fel, amelyhez beleegyez\u00e9s\u00e9t adja. Az \u00fczenet elk\u00fcld\u00e9s\u00e9vel \u00f6n elfogadja ezeket a felt\u00e9teleket.<\/p>\n<p>[\/vc_column_text][\/vc_column][\/vc_row]<\/p>\n","protected":false},"excerpt":{"rendered":"<p>[vc_row][vc_column][vc_column_text] Kapcsolatba l\u00e9phet vel\u00fcnk kit\u00f6ltve az al\u00e1bbi \u0171rlapot. Egy munkat\u00e1rsunk lehet\u0151 leghamarabb v\u00e1lasz\u00f3l. [\/vc_column_text][\/vc_column][\/vc_row][vc_row dfd_row_responsive_enable=&#8221;dfd-row-responsive-enable&#8221;][vc_column width=&#8221;1\/3&#8243;][\/vc_column][vc_column width=&#8221;1\/3&#8243; el_class=&#8221;center&#8221;][\/vc_column][vc_column width=&#8221;1\/3&#8243;][\/vc_column][\/vc_row][vc_row][vc_column][vc_column_text] H\u00f3nlapunk legt\u00f6bb oldala l\u00e1togathat\u00f3, an\u00e9lk\u00fcl, hogy szem\u00e9lyes adatait megadn\u00e1, p\u00e9ld\u00e1ul nev\u00e9t<\/p>\n","protected":false},"author":1,"featured_media":0,"parent":0,"menu_order":0,"comment_status":"closed","ping_status":"closed","template":"","meta":{"footnotes":""},"class_list":["post-14597","page","type-page","status-publish","hentry"],"yoast_head":"<!-- This site is optimized with the Yoast SEO plugin v23.6 - https:\/\/yoast.com\/wordpress\/plugins\/seo\/ -->\n<title>Kapcsolat - Profeszion\u00e1lis Beton Fel\u00fcletek<\/title>\n<meta name=\"robots\" content=\"index, follow, max-snippet:-1, max-image-preview:large, max-video-preview:-1\" \/>\n<link rel=\"canonical\" href=\"https:\/\/www.kreat-ing.com\/hu\/kapcsolat\/\" \/>\n<meta property=\"og:locale\" content=\"hu_HU\" \/>\n<meta property=\"og:type\" content=\"article\" \/>\n<meta property=\"og:title\" content=\"Kapcsolat - Profeszion\u00e1lis Beton Fel\u00fcletek\" \/>\n<meta property=\"og:description\" content=\"[vc_row][vc_column][vc_column_text] Kapcsolatba l\u00e9phet vel\u00fcnk kit\u00f6ltve az al\u00e1bbi \u0171rlapot. Egy munkat\u00e1rsunk lehet\u0151 leghamarabb v\u00e1lasz\u00f3l. [\/vc_column_text][\/vc_column][\/vc_row][vc_row dfd_row_responsive_enable=&#8221;dfd-row-responsive-enable&#8221;][vc_column width=&#8221;1\/3&#8243;][\/vc_column][vc_column width=&#8221;1\/3&#8243; el_class=&#8221;center&#8221;][\/vc_column][vc_column width=&#8221;1\/3&#8243;][\/vc_column][\/vc_row][vc_row][vc_column][vc_column_text] H\u00f3nlapunk legt\u00f6bb oldala l\u00e1togathat\u00f3, an\u00e9lk\u00fcl, hogy szem\u00e9lyes adatait megadn\u00e1, p\u00e9ld\u00e1ul nev\u00e9t\" \/>\n<meta property=\"og:url\" content=\"https:\/\/www.kreat-ing.com\/hu\/kapcsolat\/\" \/>\n<meta property=\"og:site_name\" content=\"Profeszion\u00e1lis Beton Fel\u00fcletek\" \/>\n<meta property=\"article:modified_time\" content=\"2018-10-10T13:27:26+00:00\" \/>\n<meta name=\"twitter:card\" content=\"summary_large_image\" \/>\n<meta name=\"twitter:label1\" content=\"Est. reading time\" \/>\n\t<meta name=\"twitter:data1\" content=\"2 minutes\" \/>\n<script type=\"application\/ld+json\" class=\"yoast-schema-graph\">{\"@context\":\"https:\/\/schema.org\",\"@graph\":[{\"@type\":\"WebPage\",\"@id\":\"https:\/\/www.kreat-ing.com\/hu\/kapcsolat\/\",\"url\":\"https:\/\/www.kreat-ing.com\/hu\/kapcsolat\/\",\"name\":\"Kapcsolat - Profeszion\u00e1lis Beton Fel\u00fcletek\",\"isPartOf\":{\"@id\":\"https:\/\/www.kreat-ing.com\/#website\"},\"datePublished\":\"2018-09-11T11:13:17+00:00\",\"dateModified\":\"2018-10-10T13:27:26+00:00\",\"breadcrumb\":{\"@id\":\"https:\/\/www.kreat-ing.com\/hu\/kapcsolat\/#breadcrumb\"},\"inLanguage\":\"hu-HU\",\"potentialAction\":[{\"@type\":\"ReadAction\",\"target\":[\"https:\/\/www.kreat-ing.com\/hu\/kapcsolat\/\"]}]},{\"@type\":\"BreadcrumbList\",\"@id\":\"https:\/\/www.kreat-ing.com\/hu\/kapcsolat\/#breadcrumb\",\"itemListElement\":[{\"@type\":\"ListItem\",\"position\":1,\"name\":\"Home\",\"item\":\"https:\/\/www.kreat-ing.com\/\"},{\"@type\":\"ListItem\",\"position\":2,\"name\":\"Kapcsolat\"}]},{\"@type\":\"WebSite\",\"@id\":\"https:\/\/www.kreat-ing.com\/#website\",\"url\":\"https:\/\/www.kreat-ing.com\/\",\"name\":\"Profeszion\u00e1lis Beton Fel\u00fcletek\",\"description\":\"Utak, repterek, kulteri beton feluletek\",\"publisher\":{\"@id\":\"https:\/\/www.kreat-ing.com\/#organization\"},\"potentialAction\":[{\"@type\":\"SearchAction\",\"target\":{\"@type\":\"EntryPoint\",\"urlTemplate\":\"https:\/\/www.kreat-ing.com\/?s={search_term_string}\"},\"query-input\":{\"@type\":\"PropertyValueSpecification\",\"valueRequired\":true,\"valueName\":\"search_term_string\"}}],\"inLanguage\":\"hu-HU\"},{\"@type\":\"Organization\",\"@id\":\"https:\/\/www.kreat-ing.com\/#organization\",\"name\":\"Kreat-Ing SRL\",\"url\":\"https:\/\/www.kreat-ing.com\/\",\"logo\":{\"@type\":\"ImageObject\",\"inLanguage\":\"hu-HU\",\"@id\":\"https:\/\/www.kreat-ing.com\/#\/schema\/logo\/image\/\",\"url\":\"https:\/\/www.kreat-ing.com\/wp-content\/uploads\/2018\/06\/Logo.jpg\",\"contentUrl\":\"https:\/\/www.kreat-ing.com\/wp-content\/uploads\/2018\/06\/Logo.jpg\",\"width\":1845,\"height\":409,\"caption\":\"Kreat-Ing SRL\"},\"image\":{\"@id\":\"https:\/\/www.kreat-ing.com\/#\/schema\/logo\/image\/\"}}]}<\/script>\n<!-- \/ Yoast SEO plugin. -->","yoast_head_json":{"title":"Kapcsolat - Profeszion\u00e1lis Beton Fel\u00fcletek","robots":{"index":"index","follow":"follow","max-snippet":"max-snippet:-1","max-image-preview":"max-image-preview:large","max-video-preview":"max-video-preview:-1"},"canonical":"https:\/\/www.kreat-ing.com\/hu\/kapcsolat\/","og_locale":"hu_HU","og_type":"article","og_title":"Kapcsolat - Profeszion\u00e1lis Beton Fel\u00fcletek","og_description":"[vc_row][vc_column][vc_column_text] Kapcsolatba l\u00e9phet vel\u00fcnk kit\u00f6ltve az al\u00e1bbi \u0171rlapot. Egy munkat\u00e1rsunk lehet\u0151 leghamarabb v\u00e1lasz\u00f3l. [\/vc_column_text][\/vc_column][\/vc_row][vc_row dfd_row_responsive_enable=&#8221;dfd-row-responsive-enable&#8221;][vc_column width=&#8221;1\/3&#8243;][\/vc_column][vc_column width=&#8221;1\/3&#8243; el_class=&#8221;center&#8221;][\/vc_column][vc_column width=&#8221;1\/3&#8243;][\/vc_column][\/vc_row][vc_row][vc_column][vc_column_text] H\u00f3nlapunk legt\u00f6bb oldala l\u00e1togathat\u00f3, an\u00e9lk\u00fcl, hogy szem\u00e9lyes adatait megadn\u00e1, p\u00e9ld\u00e1ul nev\u00e9t","og_url":"https:\/\/www.kreat-ing.com\/hu\/kapcsolat\/","og_site_name":"Profeszion\u00e1lis Beton Fel\u00fcletek","article_modified_time":"2018-10-10T13:27:26+00:00","twitter_card":"summary_large_image","twitter_misc":{"Est. reading time":"2 minutes"},"schema":{"@context":"https:\/\/schema.org","@graph":[{"@type":"WebPage","@id":"https:\/\/www.kreat-ing.com\/hu\/kapcsolat\/","url":"https:\/\/www.kreat-ing.com\/hu\/kapcsolat\/","name":"Kapcsolat - Profeszion\u00e1lis Beton Fel\u00fcletek","isPartOf":{"@id":"https:\/\/www.kreat-ing.com\/#website"},"datePublished":"2018-09-11T11:13:17+00:00","dateModified":"2018-10-10T13:27:26+00:00","breadcrumb":{"@id":"https:\/\/www.kreat-ing.com\/hu\/kapcsolat\/#breadcrumb"},"inLanguage":"hu-HU","potentialAction":[{"@type":"ReadAction","target":["https:\/\/www.kreat-ing.com\/hu\/kapcsolat\/"]}]},{"@type":"BreadcrumbList","@id":"https:\/\/www.kreat-ing.com\/hu\/kapcsolat\/#breadcrumb","itemListElement":[{"@type":"ListItem","position":1,"name":"Home","item":"https:\/\/www.kreat-ing.com\/"},{"@type":"ListItem","position":2,"name":"Kapcsolat"}]},{"@type":"WebSite","@id":"https:\/\/www.kreat-ing.com\/#website","url":"https:\/\/www.kreat-ing.com\/","name":"Profeszion\u00e1lis Beton Fel\u00fcletek","description":"Utak, repterek, kulteri beton feluletek","publisher":{"@id":"https:\/\/www.kreat-ing.com\/#organization"},"potentialAction":[{"@type":"SearchAction","target":{"@type":"EntryPoint","urlTemplate":"https:\/\/www.kreat-ing.com\/?s={search_term_string}"},"query-input":{"@type":"PropertyValueSpecification","valueRequired":true,"valueName":"search_term_string"}}],"inLanguage":"hu-HU"},{"@type":"Organization","@id":"https:\/\/www.kreat-ing.com\/#organization","name":"Kreat-Ing SRL","url":"https:\/\/www.kreat-ing.com\/","logo":{"@type":"ImageObject","inLanguage":"hu-HU","@id":"https:\/\/www.kreat-ing.com\/#\/schema\/logo\/image\/","url":"https:\/\/www.kreat-ing.com\/wp-content\/uploads\/2018\/06\/Logo.jpg","contentUrl":"https:\/\/www.kreat-ing.com\/wp-content\/uploads\/2018\/06\/Logo.jpg","width":1845,"height":409,"caption":"Kreat-Ing SRL"},"image":{"@id":"https:\/\/www.kreat-ing.com\/#\/schema\/logo\/image\/"}}]}},"_links":{"self":[{"href":"https:\/\/www.kreat-ing.com\/hu\/wp-json\/wp\/v2\/pages\/14597"}],"collection":[{"href":"https:\/\/www.kreat-ing.com\/hu\/wp-json\/wp\/v2\/pages"}],"about":[{"href":"https:\/\/www.kreat-ing.com\/hu\/wp-json\/wp\/v2\/types\/page"}],"author":[{"embeddable":true,"href":"https:\/\/www.kreat-ing.com\/hu\/wp-json\/wp\/v2\/users\/1"}],"replies":[{"embeddable":true,"href":"https:\/\/www.kreat-ing.com\/hu\/wp-json\/wp\/v2\/comments?post=14597"}],"version-history":[{"count":0,"href":"https:\/\/www.kreat-ing.com\/hu\/wp-json\/wp\/v2\/pages\/14597\/revisions"}],"wp:attachment":[{"href":"https:\/\/www.kreat-ing.com\/hu\/wp-json\/wp\/v2\/media?parent=14597"}],"curies":[{"name":"wp","href":"https:\/\/api.w.org\/{rel}","templated":true}]}}