{"id":15433,"date":"2020-04-28T10:59:19","date_gmt":"2020-04-28T10:59:19","guid":{"rendered":"http:\/\/www.kreat-ing.com\/?page_id=15433"},"modified":"2025-03-06T17:18:01","modified_gmt":"2025-03-06T17:18:01","slug":"referenciak","status":"publish","type":"page","link":"https:\/\/www.kreat-ing.com\/hu\/referenciak\/","title":{"rendered":"Referenci\u00e1k"},"content":{"rendered":"<p>[vc_row][vc_column]<div class=\"dfd-spacer-module\"  data-units=\"px\" data-wide_resolution=\"1280\" data-wide_size=\"40\" data-normal_resolution=\"1024\" data-normal_size=\"40\" data-tablet_resolution=\"800\" data-tablet_size=\"5\" data-mobile_resolution=\"480\" data-mobile_size=\"5\" style=\"height: 40px;\"><\/div><div class=\"dfd-heading-shortcode\"><div class=\"dfd-heading-module-wrap  text-center style_11 dfd-heading-6a05e674411d5 dfd-disable-resposive-headings\" id=\"dfd-heading-6a05e674411d5\" ><div class=\"inline-block\"><div class=\"dfd-heading-module\"><div class=\"title-wrap\"><div class=\"dfd-heading-delimiter dfd-img-lazy-load\"><\/div><h5 class=\"widget-title dfd-title \" style=\"\">REFERENCI\u00c1K<\/h5><div class=\"dfd-heading-delimiter dfd-img-lazy-load\"><\/div><\/div><\/div><\/div><\/div><script type=\"text\/javascript\">\r\n\t\t\t\t\t\t\t\t\t(function($) {\r\n\t\t\t\t\t\t\t\t\t\t$(\"head\").append(\"<style>.dfd-heading-6a05e674411d5.dfd-heading-module-wrap .dfd-heading-module .dfd-heading-delimiter {border-bottom-style:solid;border-bottom-width:1px;width:px;border-bottom-color:#6dab3c;}.dfd-heading-6a05e674411d5.dfd-heading-module-wrap .dfd-heading-module .dfd-heading-delimiter {margin-top:10px;margin-bottom:10px;}<\/style>\");\r\n\t\t\t\t\t\t\t\t\t})(jQuery);\r\n\t\t\t\t\t\t\t\t<\/script><\/div>[\/vc_column][\/vc_row][vc_row][vc_column]<div class=\"dfd-spacer-module\"  data-units=\"px\" data-wide_resolution=\"1280\" data-wide_size=\"20\" data-normal_resolution=\"1024\" data-normal_size=\"20\" data-tablet_resolution=\"800\" data-tablet_size=\"0\" data-mobile_resolution=\"480\" data-mobile_size=\"0\" style=\"height: 20px;\"><\/div><div class=\"dfd-heading-shortcode\"><div class=\"dfd-heading-module-wrap  text-left style_01 dfd-heading-6a05e674413de dfd-disable-resposive-headings\" id=\"dfd-heading-6a05e674413de\" ><div class=\"inline-block\"><div class=\"dfd-heading-module\"><h5 class=\"widget-title dfd-title \" style=\"\"><\/p>\n<h5>T\u00e9rbetonok kivitelez\u00e9se<\/h5>\n<p><\/h5><div class=\"dfd-heading-delimiter dfd-img-lazy-load\"><\/div><\/div><\/div><\/div><script type=\"text\/javascript\">\r\n\t\t\t\t\t\t\t\t\t(function($) {\r\n\t\t\t\t\t\t\t\t\t\t$(\"head\").append(\"<style>.dfd-heading-6a05e674413de.dfd-heading-module-wrap .dfd-heading-module .dfd-heading-delimiter {border-bottom-style:solid;border-bottom-width:1px;width:px;border-bottom-color:#6dab3c;}.dfd-heading-6a05e674413de.dfd-heading-module-wrap .dfd-heading-module .dfd-heading-delimiter {margin-top:10px;margin-bottom:10px;}<\/style>\");\r\n\t\t\t\t\t\t\t\t\t})(jQuery);\r\n\t\t\t\t\t\t\t\t<\/script><\/div>[vc_column_text]<a href=\"https:\/\/www.kreat-ing.com\/hu\/kepek-videok\/#repulobazis\">&#8211; MH 59. Szentgy\u00f6rgyi Dezs\u0151 Rep\u00fcl\u0151b\u00e1zis &#8211; Kecskem\u00e9t (HU)<\/a><br \/>\n<a href=\"https:\/\/www.kreat-ing.com\/hu\/kepek-videok\/\">&#8211; Brass\u00f3i Nemzetk\u00f6zi Rep\u00fcl\u0151t\u00e9r (RO)<\/a><br \/>\n<a href=\"https:\/\/www.kreat-ing.com\/hu\/kepek-videok\/#erdelyi-repter\">&#8211; Erd\u00e9lyi Rep\u00fcl\u0151t\u00e9r &#8211; Marosv\u00e1s\u00e1rhely (RO)<\/a><br \/>\n<a href=\"https:\/\/www.kreat-ing.com\/hu\/kepek-videok\/#kulteri-padlok\">&#8211; K\u00fclt\u00e9ri parkol\u00f3 \u2013 Rakt\u00e1r\u00e9p\u00fclet \u2013 Marosv\u00e1s\u00e1rhely (RO)<\/a>[\/vc_column_text][\/vc_column][\/vc_row][vc_row][vc_column]<div class=\"dfd-spacer-module\"  data-units=\"px\" data-wide_resolution=\"1280\" data-wide_size=\"20\" data-normal_resolution=\"1024\" data-normal_size=\"20\" data-tablet_resolution=\"800\" data-tablet_size=\"0\" data-mobile_resolution=\"480\" data-mobile_size=\"0\" style=\"height: 20px;\"><\/div><div class=\"dfd-heading-shortcode\"><div class=\"dfd-heading-module-wrap  text-left style_01 dfd-heading-6a05e674415e0 dfd-disable-resposive-headings\" id=\"dfd-heading-6a05e674415e0\" ><div class=\"inline-block\"><div class=\"dfd-heading-module\"><h5 class=\"widget-title dfd-title \" style=\"\"><\/p>\n<h5>Ipari padl\u00f3k kivitelez\u00e9se<\/h5>\n<p><\/h5><div class=\"dfd-heading-delimiter dfd-img-lazy-load\"><\/div><\/div><\/div><\/div><script type=\"text\/javascript\">\r\n\t\t\t\t\t\t\t\t\t(function($) {\r\n\t\t\t\t\t\t\t\t\t\t$(\"head\").append(\"<style>.dfd-heading-6a05e674415e0.dfd-heading-module-wrap .dfd-heading-module .dfd-heading-delimiter {border-bottom-style:solid;border-bottom-width:1px;width:px;border-bottom-color:#6dab3c;}.dfd-heading-6a05e674415e0.dfd-heading-module-wrap .dfd-heading-module .dfd-heading-delimiter {margin-top:10px;margin-bottom:10px;}<\/style>\");\r\n\t\t\t\t\t\t\t\t\t})(jQuery);\r\n\t\t\t\t\t\t\t\t<\/script><\/div>[vc_column_text][\/vc_column_text][\/vc_column][\/vc_row][vc_row][vc_column]<div class=\"dfd-spacer-module\"  data-units=\"px\" data-wide_resolution=\"1280\" data-wide_size=\"20\" data-normal_resolution=\"1024\" data-normal_size=\"20\" data-tablet_resolution=\"800\" data-tablet_size=\"0\" data-mobile_resolution=\"480\" data-mobile_size=\"0\" style=\"height: 20px;\"><\/div><div class=\"dfd-heading-shortcode\"><div class=\"dfd-heading-module-wrap  text-left style_01 dfd-heading-6a05e674417c2 dfd-disable-resposive-headings\" id=\"dfd-heading-6a05e674417c2\" ><div class=\"inline-block\"><div class=\"dfd-heading-module\"><h5 class=\"widget-title dfd-title \" style=\"\"><\/p>\n<h5>M\u0171gyanta alkalmaz\u00e1sa<\/h5>\n<p><\/h5><div class=\"dfd-heading-delimiter dfd-img-lazy-load\"><\/div><\/div><\/div><\/div><script type=\"text\/javascript\">\r\n\t\t\t\t\t\t\t\t\t(function($) {\r\n\t\t\t\t\t\t\t\t\t\t$(\"head\").append(\"<style>.dfd-heading-6a05e674417c2.dfd-heading-module-wrap .dfd-heading-module .dfd-heading-delimiter {border-bottom-style:solid;border-bottom-width:1px;width:px;border-bottom-color:#6dab3c;}.dfd-heading-6a05e674417c2.dfd-heading-module-wrap .dfd-heading-module .dfd-heading-delimiter {margin-top:10px;margin-bottom:10px;}<\/style>\");\r\n\t\t\t\t\t\t\t\t\t})(jQuery);\r\n\t\t\t\t\t\t\t\t<\/script><\/div>[vc_column_text][\/vc_column_text][\/vc_column][\/vc_row]<\/p>\n","protected":false},"excerpt":{"rendered":"<p>[vc_row][vc_column][\/vc_column][\/vc_row][vc_row][vc_column][vc_column_text]&#8211; MH 59. Szentgy\u00f6rgyi Dezs\u0151 Rep\u00fcl\u0151b\u00e1zis &#8211; Kecskem\u00e9t (HU) &#8211; Brass\u00f3i Nemzetk\u00f6zi Rep\u00fcl\u0151t\u00e9r (RO) &#8211; Erd\u00e9lyi Rep\u00fcl\u0151t\u00e9r &#8211; Marosv\u00e1s\u00e1rhely (RO) &#8211; K\u00fclt\u00e9ri parkol\u00f3 \u2013 Rakt\u00e1r\u00e9p\u00fclet \u2013 Marosv\u00e1s\u00e1rhely (RO)[\/vc_column_text][\/vc_column][\/vc_row][vc_row][vc_column][vc_column_text][\/vc_column_text][\/vc_column][\/vc_row][vc_row][vc_column][vc_column_text][\/vc_column_text][\/vc_column][\/vc_row]<\/p>\n","protected":false},"author":1,"featured_media":0,"parent":0,"menu_order":0,"comment_status":"closed","ping_status":"closed","template":"","meta":{"footnotes":""},"class_list":["post-15433","page","type-page","status-publish","hentry"],"yoast_head":"<!-- This site is optimized with the Yoast SEO plugin v23.6 - https:\/\/yoast.com\/wordpress\/plugins\/seo\/ -->\n<title>Referenci\u00e1k - Profeszion\u00e1lis Beton Fel\u00fcletek<\/title>\n<meta name=\"robots\" content=\"index, follow, max-snippet:-1, max-image-preview:large, max-video-preview:-1\" \/>\n<link rel=\"canonical\" href=\"https:\/\/www.kreat-ing.com\/hu\/referenciak\/\" \/>\n<meta property=\"og:locale\" content=\"hu_HU\" \/>\n<meta property=\"og:type\" content=\"article\" \/>\n<meta property=\"og:title\" content=\"Referenci\u00e1k - Profeszion\u00e1lis Beton Fel\u00fcletek\" \/>\n<meta property=\"og:description\" content=\"[vc_row][vc_column][\/vc_column][\/vc_row][vc_row][vc_column][vc_column_text]&#8211; MH 59. Szentgy\u00f6rgyi Dezs\u0151 Rep\u00fcl\u0151b\u00e1zis &#8211; Kecskem\u00e9t (HU) &#8211; Brass\u00f3i Nemzetk\u00f6zi Rep\u00fcl\u0151t\u00e9r (RO) &#8211; Erd\u00e9lyi Rep\u00fcl\u0151t\u00e9r &#8211; Marosv\u00e1s\u00e1rhely (RO) &#8211; K\u00fclt\u00e9ri parkol\u00f3 \u2013 Rakt\u00e1r\u00e9p\u00fclet \u2013 Marosv\u00e1s\u00e1rhely (RO)[\/vc_column_text][\/vc_column][\/vc_row][vc_row][vc_column][vc_column_text][\/vc_column_text][\/vc_column][\/vc_row][vc_row][vc_column][vc_column_text][\/vc_column_text][\/vc_column][\/vc_row]\" \/>\n<meta property=\"og:url\" content=\"https:\/\/www.kreat-ing.com\/hu\/referenciak\/\" \/>\n<meta property=\"og:site_name\" content=\"Profeszion\u00e1lis Beton Fel\u00fcletek\" \/>\n<meta property=\"article:modified_time\" content=\"2025-03-06T17:18:01+00:00\" \/>\n<meta name=\"twitter:card\" content=\"summary_large_image\" \/>\n<meta name=\"twitter:label1\" content=\"Est. reading time\" \/>\n\t<meta name=\"twitter:data1\" content=\"1 minute\" \/>\n<script type=\"application\/ld+json\" class=\"yoast-schema-graph\">{\"@context\":\"https:\/\/schema.org\",\"@graph\":[{\"@type\":\"WebPage\",\"@id\":\"https:\/\/www.kreat-ing.com\/hu\/referenciak\/\",\"url\":\"https:\/\/www.kreat-ing.com\/hu\/referenciak\/\",\"name\":\"Referenci\u00e1k - Profeszion\u00e1lis Beton Fel\u00fcletek\",\"isPartOf\":{\"@id\":\"https:\/\/www.kreat-ing.com\/#website\"},\"datePublished\":\"2020-04-28T10:59:19+00:00\",\"dateModified\":\"2025-03-06T17:18:01+00:00\",\"breadcrumb\":{\"@id\":\"https:\/\/www.kreat-ing.com\/hu\/referenciak\/#breadcrumb\"},\"inLanguage\":\"hu-HU\",\"potentialAction\":[{\"@type\":\"ReadAction\",\"target\":[\"https:\/\/www.kreat-ing.com\/hu\/referenciak\/\"]}]},{\"@type\":\"BreadcrumbList\",\"@id\":\"https:\/\/www.kreat-ing.com\/hu\/referenciak\/#breadcrumb\",\"itemListElement\":[{\"@type\":\"ListItem\",\"position\":1,\"name\":\"Home\",\"item\":\"https:\/\/www.kreat-ing.com\/\"},{\"@type\":\"ListItem\",\"position\":2,\"name\":\"Referenci\u00e1k\"}]},{\"@type\":\"WebSite\",\"@id\":\"https:\/\/www.kreat-ing.com\/#website\",\"url\":\"https:\/\/www.kreat-ing.com\/\",\"name\":\"Profeszion\u00e1lis Beton Fel\u00fcletek\",\"description\":\"Utak, repterek, kulteri beton feluletek\",\"publisher\":{\"@id\":\"https:\/\/www.kreat-ing.com\/#organization\"},\"potentialAction\":[{\"@type\":\"SearchAction\",\"target\":{\"@type\":\"EntryPoint\",\"urlTemplate\":\"https:\/\/www.kreat-ing.com\/?s={search_term_string}\"},\"query-input\":{\"@type\":\"PropertyValueSpecification\",\"valueRequired\":true,\"valueName\":\"search_term_string\"}}],\"inLanguage\":\"hu-HU\"},{\"@type\":\"Organization\",\"@id\":\"https:\/\/www.kreat-ing.com\/#organization\",\"name\":\"Kreat-Ing SRL\",\"url\":\"https:\/\/www.kreat-ing.com\/\",\"logo\":{\"@type\":\"ImageObject\",\"inLanguage\":\"hu-HU\",\"@id\":\"https:\/\/www.kreat-ing.com\/#\/schema\/logo\/image\/\",\"url\":\"https:\/\/www.kreat-ing.com\/wp-content\/uploads\/2018\/06\/Logo.jpg\",\"contentUrl\":\"https:\/\/www.kreat-ing.com\/wp-content\/uploads\/2018\/06\/Logo.jpg\",\"width\":1845,\"height\":409,\"caption\":\"Kreat-Ing SRL\"},\"image\":{\"@id\":\"https:\/\/www.kreat-ing.com\/#\/schema\/logo\/image\/\"}}]}<\/script>\n<!-- \/ Yoast SEO plugin. -->","yoast_head_json":{"title":"Referenci\u00e1k - Profeszion\u00e1lis Beton Fel\u00fcletek","robots":{"index":"index","follow":"follow","max-snippet":"max-snippet:-1","max-image-preview":"max-image-preview:large","max-video-preview":"max-video-preview:-1"},"canonical":"https:\/\/www.kreat-ing.com\/hu\/referenciak\/","og_locale":"hu_HU","og_type":"article","og_title":"Referenci\u00e1k - Profeszion\u00e1lis Beton Fel\u00fcletek","og_description":"[vc_row][vc_column][\/vc_column][\/vc_row][vc_row][vc_column][vc_column_text]&#8211; MH 59. Szentgy\u00f6rgyi Dezs\u0151 Rep\u00fcl\u0151b\u00e1zis &#8211; Kecskem\u00e9t (HU) &#8211; Brass\u00f3i Nemzetk\u00f6zi Rep\u00fcl\u0151t\u00e9r (RO) &#8211; Erd\u00e9lyi Rep\u00fcl\u0151t\u00e9r &#8211; Marosv\u00e1s\u00e1rhely (RO) &#8211; K\u00fclt\u00e9ri parkol\u00f3 \u2013 Rakt\u00e1r\u00e9p\u00fclet \u2013 Marosv\u00e1s\u00e1rhely (RO)[\/vc_column_text][\/vc_column][\/vc_row][vc_row][vc_column][vc_column_text][\/vc_column_text][\/vc_column][\/vc_row][vc_row][vc_column][vc_column_text][\/vc_column_text][\/vc_column][\/vc_row]","og_url":"https:\/\/www.kreat-ing.com\/hu\/referenciak\/","og_site_name":"Profeszion\u00e1lis Beton Fel\u00fcletek","article_modified_time":"2025-03-06T17:18:01+00:00","twitter_card":"summary_large_image","twitter_misc":{"Est. reading time":"1 minute"},"schema":{"@context":"https:\/\/schema.org","@graph":[{"@type":"WebPage","@id":"https:\/\/www.kreat-ing.com\/hu\/referenciak\/","url":"https:\/\/www.kreat-ing.com\/hu\/referenciak\/","name":"Referenci\u00e1k - Profeszion\u00e1lis Beton Fel\u00fcletek","isPartOf":{"@id":"https:\/\/www.kreat-ing.com\/#website"},"datePublished":"2020-04-28T10:59:19+00:00","dateModified":"2025-03-06T17:18:01+00:00","breadcrumb":{"@id":"https:\/\/www.kreat-ing.com\/hu\/referenciak\/#breadcrumb"},"inLanguage":"hu-HU","potentialAction":[{"@type":"ReadAction","target":["https:\/\/www.kreat-ing.com\/hu\/referenciak\/"]}]},{"@type":"BreadcrumbList","@id":"https:\/\/www.kreat-ing.com\/hu\/referenciak\/#breadcrumb","itemListElement":[{"@type":"ListItem","position":1,"name":"Home","item":"https:\/\/www.kreat-ing.com\/"},{"@type":"ListItem","position":2,"name":"Referenci\u00e1k"}]},{"@type":"WebSite","@id":"https:\/\/www.kreat-ing.com\/#website","url":"https:\/\/www.kreat-ing.com\/","name":"Profeszion\u00e1lis Beton Fel\u00fcletek","description":"Utak, repterek, kulteri beton feluletek","publisher":{"@id":"https:\/\/www.kreat-ing.com\/#organization"},"potentialAction":[{"@type":"SearchAction","target":{"@type":"EntryPoint","urlTemplate":"https:\/\/www.kreat-ing.com\/?s={search_term_string}"},"query-input":{"@type":"PropertyValueSpecification","valueRequired":true,"valueName":"search_term_string"}}],"inLanguage":"hu-HU"},{"@type":"Organization","@id":"https:\/\/www.kreat-ing.com\/#organization","name":"Kreat-Ing SRL","url":"https:\/\/www.kreat-ing.com\/","logo":{"@type":"ImageObject","inLanguage":"hu-HU","@id":"https:\/\/www.kreat-ing.com\/#\/schema\/logo\/image\/","url":"https:\/\/www.kreat-ing.com\/wp-content\/uploads\/2018\/06\/Logo.jpg","contentUrl":"https:\/\/www.kreat-ing.com\/wp-content\/uploads\/2018\/06\/Logo.jpg","width":1845,"height":409,"caption":"Kreat-Ing SRL"},"image":{"@id":"https:\/\/www.kreat-ing.com\/#\/schema\/logo\/image\/"}}]}},"_links":{"self":[{"href":"https:\/\/www.kreat-ing.com\/hu\/wp-json\/wp\/v2\/pages\/15433"}],"collection":[{"href":"https:\/\/www.kreat-ing.com\/hu\/wp-json\/wp\/v2\/pages"}],"about":[{"href":"https:\/\/www.kreat-ing.com\/hu\/wp-json\/wp\/v2\/types\/page"}],"author":[{"embeddable":true,"href":"https:\/\/www.kreat-ing.com\/hu\/wp-json\/wp\/v2\/users\/1"}],"replies":[{"embeddable":true,"href":"https:\/\/www.kreat-ing.com\/hu\/wp-json\/wp\/v2\/comments?post=15433"}],"version-history":[{"count":5,"href":"https:\/\/www.kreat-ing.com\/hu\/wp-json\/wp\/v2\/pages\/15433\/revisions"}],"predecessor-version":[{"id":78310,"href":"https:\/\/www.kreat-ing.com\/hu\/wp-json\/wp\/v2\/pages\/15433\/revisions\/78310"}],"wp:attachment":[{"href":"https:\/\/www.kreat-ing.com\/hu\/wp-json\/wp\/v2\/media?parent=15433"}],"curies":[{"name":"wp","href":"https:\/\/api.w.org\/{rel}","templated":true}]}}