{"id":14365,"date":"2018-07-27T17:59:53","date_gmt":"2018-07-27T17:59:53","guid":{"rendered":"http:\/\/www.kreat-ing.com\/?page_id=14365"},"modified":"2018-12-07T15:30:59","modified_gmt":"2018-12-07T15:30:59","slug":"contact","status":"publish","type":"page","link":"https:\/\/www.kreat-ing.com\/ro\/contact\/","title":{"rendered":"Contact"},"content":{"rendered":"<p>[vc_row][vc_column]<div class=\"dfd-heading-shortcode\"><div class=\"dfd-heading-module-wrap  text-center style_11 dfd-heading-6a05fea841465 dfd-disable-resposive-headings\" id=\"dfd-heading-6a05fea841465\" ><div class=\"inline-block\"><div class=\"dfd-heading-module\"><div class=\"title-wrap\"><div class=\"dfd-heading-delimiter dfd-img-lazy-load\"><\/div><h5 class=\"widget-title dfd-title \" style=\"\">CONTACT<\/h5><div class=\"dfd-heading-delimiter dfd-img-lazy-load\"><\/div><\/div><\/div><\/div><\/div><script type=\"text\/javascript\">\r\n\t\t\t\t\t\t\t\t\t(function($) {\r\n\t\t\t\t\t\t\t\t\t\t$(\"head\").append(\"<style>.dfd-heading-6a05fea841465.dfd-heading-module-wrap .dfd-heading-module .dfd-heading-delimiter {border-bottom-style:solid;border-bottom-width:1px;width:px;border-bottom-color:#6dab3c;}.dfd-heading-6a05fea841465.dfd-heading-module-wrap .dfd-heading-module .dfd-heading-delimiter {margin-top:10px;margin-bottom:10px;}<\/style>\");\r\n\t\t\t\t\t\t\t\t\t})(jQuery);\r\n\t\t\t\t\t\t\t\t<\/script><\/div><div class=\"dfd-spacer-module\"  data-units=\"px\" data-wide_resolution=\"1280\" data-wide_size=\"80\" data-normal_resolution=\"1024\" data-normal_size=\"80\" data-tablet_resolution=\"800\" data-tablet_size=\"5\" data-mobile_resolution=\"480\" data-mobile_size=\"5\" style=\"height: 80px;\"><\/div>[\/vc_column][\/vc_row][vc_row dfd_row_responsive_enable=&#8221;dfd-row-responsive-enable&#8221;][vc_column][vc_column_text]<\/p>\n<p style=\"text-align: center;\">Pentru a ne contacta, v\u0103 rug\u0103m s\u0103 completa\u021bi formularul nostru de contact.<br \/>\nDup\u0103 trimiterea mesajului, un coleg v\u0103 va r\u0103spunde in cel mai scurt timp.<\/p>\n<p>[\/vc_column_text]<div class=\"dfd-spacer-module\"  data-units=\"px\" data-wide_resolution=\"1280\" data-wide_size=\"15\" data-normal_resolution=\"1024\" data-normal_size=\"15\" data-tablet_resolution=\"800\" data-tablet_size=\"5\" data-mobile_resolution=\"480\" data-mobile_size=\"5\" style=\"height: 15px;\"><\/div>[\/vc_column][vc_column width=&#8221;1\/3&#8243;][\/vc_column][vc_column width=&#8221;1\/3&#8243; column_bg_position=&#8221;center center&#8221; el_class=&#8221;center&#8221;]\n<div class=\"wpcf7 no-js\" id=\"wpcf7-f14584-o1\" lang=\"ro-RO\" dir=\"ltr\">\n<div class=\"screen-reader-response\"><p role=\"status\" aria-live=\"polite\" aria-atomic=\"true\"><\/p> <ul><\/ul><\/div>\n<form action=\"\/ro\/wp-json\/wp\/v2\/pages\/14365#wpcf7-f14584-o1\" method=\"post\" class=\"wpcf7-form init cf7-style\" aria-label=\"Formular de contact\" novalidate=\"novalidate\" data-status=\"init\">\n<div style=\"display: none;\">\n<input type=\"hidden\" name=\"_wpcf7\" value=\"14584\" \/>\n<input type=\"hidden\" name=\"_wpcf7_version\" value=\"5.9.8\" \/>\n<input type=\"hidden\" name=\"_wpcf7_locale\" value=\"ro_RO\" \/>\n<input type=\"hidden\" name=\"_wpcf7_unit_tag\" value=\"wpcf7-f14584-o1\" \/>\n<input type=\"hidden\" name=\"_wpcf7_container_post\" value=\"0\" \/>\n<input type=\"hidden\" name=\"_wpcf7_posted_data_hash\" value=\"\" \/>\n<\/div>\n<p><label> Numele t\u0103u (obligatoriu)<br \/>\n<span class=\"wpcf7-form-control-wrap\" data-name=\"your-name\"><input size=\"40\" maxlength=\"400\" class=\"wpcf7-form-control wpcf7-text wpcf7-validates-as-required\" aria-required=\"true\" aria-invalid=\"false\" value=\"\" type=\"text\" name=\"your-name\" \/><\/span> <\/label>\n<\/p>\n<p><label> Emailul t\u0103u (obligatoriu)<br \/>\n<span class=\"wpcf7-form-control-wrap\" data-name=\"your-email\"><input size=\"40\" maxlength=\"400\" class=\"wpcf7-form-control wpcf7-email wpcf7-validates-as-required wpcf7-text wpcf7-validates-as-email\" aria-required=\"true\" aria-invalid=\"false\" value=\"\" type=\"email\" name=\"your-email\" \/><\/span> <\/label>\n<\/p>\n<p><label> Subiect<br \/>\n<span class=\"wpcf7-form-control-wrap\" data-name=\"your-subject\"><input size=\"40\" maxlength=\"400\" class=\"wpcf7-form-control wpcf7-text\" aria-invalid=\"false\" value=\"\" type=\"text\" name=\"your-subject\" \/><\/span> <\/label>\n<\/p>\n<p><label> Mesajul t\u0103u<br \/>\n<span class=\"wpcf7-form-control-wrap\" data-name=\"your-message\"><textarea cols=\"40\" rows=\"10\" maxlength=\"2000\" class=\"wpcf7-form-control wpcf7-textarea\" aria-invalid=\"false\" name=\"your-message\"><\/textarea><\/span> <\/label>\n<\/p>\n<p><span class=\"wpcf7-form-control-wrap\" data-name=\"acceptance-352\"><span class=\"wpcf7-form-control wpcf7-acceptance\"><span class=\"wpcf7-list-item\"><label><input type=\"checkbox\" name=\"acceptance-352\" value=\"1\" aria-invalid=\"false\" \/><span class=\"wpcf7-list-item-label\">Accept politica de prelucrare a datelor cu caracter personal<\/span><\/label><\/span><\/span><\/span>\n<\/p>\n<p><input class=\"wpcf7-form-control wpcf7-submit has-spinner\" type=\"submit\" value=\"Trimite\" \/>\n<\/p><div class=\"wpcf7-response-output\" aria-hidden=\"true\"><\/div>\n<\/form>\n<\/div>\n[\/vc_column][vc_column width=&#8221;1\/3&#8243;][\/vc_column][\/vc_row][vc_row][vc_column][vc_column_text]<\/p>\n<p style=\"text-align: center;\"><span lang=\"ro-RO\">Pute\u021bi vizita cea mai mare parte a site-ului nostru f\u0103r\u0103 s\u0103 ne oferi\u021bi datele personale, cum ar fi numele,\u00a0 sau email-ul.\u00a0<\/span><span lang=\"ro-RO\">Cu toate acestea, ob\u021binem anumite informa\u021bii prin mijloace automate, atunci c\u00e2nd vizita\u021bi site-ul nostru utiliz\u00e2nd cookie-uri \u0219i tag-uri pixel, care reprezint\u0103 instrumente standard \u00een industria internetului. Utilizarea cookie-urilor \u0219i tag-urilor pixel ne permite s\u0103 v\u0103 afl\u0103m IP-ul, tipul de browser pe care \u00eel folosi\u021bi \u0219i activitatea general\u0103 a browser-ului.<br \/>\n<\/span><span lang=\"ro-RO\">www.kreat-ing<\/span><span lang=\"ro-RO\">.com se angajeaz\u0103 s\u0103 v\u0103 protejeze datele personale \u0219i astfel s\u0103 nu transmit\u0103 c\u0103tre ter\u0163e p\u0103r\u0163i neautorizate datele personale ale utilizatorilor site-ului \u015fi s\u0103 le foloseasc\u0103 doar \u00een scopul stabilirii contactului cu clien\u0163ii s\u0103i \u015fi inform\u0103rii acestora.<br \/>\n<\/span><span lang=\"ro-RO\">Informa\u021biile pe care ni le furniza\u021bi vor fi utilizate \u00een scopul pentru care le-a\u021bi furnizat.\u00a0Prin trimiterea mesajului sunte\u021bi de acorc cu aceste conditii.<\/span><\/p>\n<p>[\/vc_column_text][\/vc_column][\/vc_row]<\/p>\n","protected":false},"excerpt":{"rendered":"<p>[vc_row][vc_column][\/vc_column][\/vc_row][vc_row dfd_row_responsive_enable=&#8221;dfd-row-responsive-enable&#8221;][vc_column][vc_column_text] Pentru a ne contacta, v\u0103 rug\u0103m s\u0103 completa\u021bi formularul nostru de contact. Dup\u0103 trimiterea mesajului, un coleg v\u0103 va r\u0103spunde in cel mai scurt timp. [\/vc_column_text][\/vc_column][vc_column width=&#8221;1\/3&#8243;][\/vc_column][vc_column width=&#8221;1\/3&#8243;<\/p>\n","protected":false},"author":1,"featured_media":0,"parent":0,"menu_order":0,"comment_status":"closed","ping_status":"closed","template":"","meta":{"footnotes":""},"class_list":["post-14365","page","type-page","status-publish","hentry"],"yoast_head":"<!-- This site is optimized with the Yoast SEO plugin v23.6 - https:\/\/yoast.com\/wordpress\/plugins\/seo\/ -->\n<title>Contact - Suprafe\u021be Profesionale din Beton<\/title>\n<meta name=\"robots\" content=\"index, follow, max-snippet:-1, max-image-preview:large, max-video-preview:-1\" \/>\n<link rel=\"canonical\" href=\"https:\/\/www.kreat-ing.com\/contact\/\" \/>\n<meta property=\"og:locale\" content=\"ro_RO\" \/>\n<meta property=\"og:type\" content=\"article\" \/>\n<meta property=\"og:title\" content=\"Contact - Suprafe\u021be Profesionale din Beton\" \/>\n<meta property=\"og:description\" content=\"[vc_row][vc_column][\/vc_column][\/vc_row][vc_row dfd_row_responsive_enable=&#8221;dfd-row-responsive-enable&#8221;][vc_column][vc_column_text] Pentru a ne contacta, v\u0103 rug\u0103m s\u0103 completa\u021bi formularul nostru de contact. Dup\u0103 trimiterea mesajului, un coleg v\u0103 va r\u0103spunde in cel mai scurt timp. [\/vc_column_text][\/vc_column][vc_column width=&#8221;1\/3&#8243;][\/vc_column][vc_column width=&#8221;1\/3&#8243;\" \/>\n<meta property=\"og:url\" content=\"https:\/\/www.kreat-ing.com\/contact\/\" \/>\n<meta property=\"og:site_name\" content=\"Suprafe\u021be Profesionale din Beton\" \/>\n<meta property=\"article:modified_time\" content=\"2018-12-07T15:30:59+00:00\" \/>\n<meta name=\"twitter:card\" content=\"summary_large_image\" \/>\n<meta name=\"twitter:label1\" content=\"Timp estimat pentru citire\" \/>\n\t<meta name=\"twitter:data1\" content=\"2 minute\" \/>\n<script type=\"application\/ld+json\" class=\"yoast-schema-graph\">{\"@context\":\"https:\/\/schema.org\",\"@graph\":[{\"@type\":\"WebPage\",\"@id\":\"https:\/\/www.kreat-ing.com\/contact\/\",\"url\":\"https:\/\/www.kreat-ing.com\/contact\/\",\"name\":\"Contact - Suprafe\u021be Profesionale din Beton\",\"isPartOf\":{\"@id\":\"https:\/\/www.kreat-ing.com\/#website\"},\"datePublished\":\"2018-07-27T17:59:53+00:00\",\"dateModified\":\"2018-12-07T15:30:59+00:00\",\"breadcrumb\":{\"@id\":\"https:\/\/www.kreat-ing.com\/contact\/#breadcrumb\"},\"inLanguage\":\"ro-RO\",\"potentialAction\":[{\"@type\":\"ReadAction\",\"target\":[\"https:\/\/www.kreat-ing.com\/contact\/\"]}]},{\"@type\":\"BreadcrumbList\",\"@id\":\"https:\/\/www.kreat-ing.com\/contact\/#breadcrumb\",\"itemListElement\":[{\"@type\":\"ListItem\",\"position\":1,\"name\":\"Home\",\"item\":\"https:\/\/www.kreat-ing.com\/\"},{\"@type\":\"ListItem\",\"position\":2,\"name\":\"Contact\"}]},{\"@type\":\"WebSite\",\"@id\":\"https:\/\/www.kreat-ing.com\/#website\",\"url\":\"https:\/\/www.kreat-ing.com\/\",\"name\":\"Suprafe\u021be Profesionale din Beton\",\"description\":\"Drumuri, aeropoarte, pardoseli industriale.\",\"publisher\":{\"@id\":\"https:\/\/www.kreat-ing.com\/#organization\"},\"potentialAction\":[{\"@type\":\"SearchAction\",\"target\":{\"@type\":\"EntryPoint\",\"urlTemplate\":\"https:\/\/www.kreat-ing.com\/?s={search_term_string}\"},\"query-input\":{\"@type\":\"PropertyValueSpecification\",\"valueRequired\":true,\"valueName\":\"search_term_string\"}}],\"inLanguage\":\"ro-RO\"},{\"@type\":\"Organization\",\"@id\":\"https:\/\/www.kreat-ing.com\/#organization\",\"name\":\"Kreat-Ing SRL\",\"url\":\"https:\/\/www.kreat-ing.com\/\",\"logo\":{\"@type\":\"ImageObject\",\"inLanguage\":\"ro-RO\",\"@id\":\"https:\/\/www.kreat-ing.com\/#\/schema\/logo\/image\/\",\"url\":\"https:\/\/www.kreat-ing.com\/wp-content\/uploads\/2018\/06\/Logo.jpg\",\"contentUrl\":\"https:\/\/www.kreat-ing.com\/wp-content\/uploads\/2018\/06\/Logo.jpg\",\"width\":1845,\"height\":409,\"caption\":\"Kreat-Ing SRL\"},\"image\":{\"@id\":\"https:\/\/www.kreat-ing.com\/#\/schema\/logo\/image\/\"}}]}<\/script>\n<!-- \/ Yoast SEO plugin. -->","yoast_head_json":{"title":"Contact - Suprafe\u021be Profesionale din Beton","robots":{"index":"index","follow":"follow","max-snippet":"max-snippet:-1","max-image-preview":"max-image-preview:large","max-video-preview":"max-video-preview:-1"},"canonical":"https:\/\/www.kreat-ing.com\/contact\/","og_locale":"ro_RO","og_type":"article","og_title":"Contact - Suprafe\u021be Profesionale din Beton","og_description":"[vc_row][vc_column][\/vc_column][\/vc_row][vc_row dfd_row_responsive_enable=&#8221;dfd-row-responsive-enable&#8221;][vc_column][vc_column_text] Pentru a ne contacta, v\u0103 rug\u0103m s\u0103 completa\u021bi formularul nostru de contact. Dup\u0103 trimiterea mesajului, un coleg v\u0103 va r\u0103spunde in cel mai scurt timp. [\/vc_column_text][\/vc_column][vc_column width=&#8221;1\/3&#8243;][\/vc_column][vc_column width=&#8221;1\/3&#8243;","og_url":"https:\/\/www.kreat-ing.com\/contact\/","og_site_name":"Suprafe\u021be Profesionale din Beton","article_modified_time":"2018-12-07T15:30:59+00:00","twitter_card":"summary_large_image","twitter_misc":{"Timp estimat pentru citire":"2 minute"},"schema":{"@context":"https:\/\/schema.org","@graph":[{"@type":"WebPage","@id":"https:\/\/www.kreat-ing.com\/contact\/","url":"https:\/\/www.kreat-ing.com\/contact\/","name":"Contact - Suprafe\u021be Profesionale din Beton","isPartOf":{"@id":"https:\/\/www.kreat-ing.com\/#website"},"datePublished":"2018-07-27T17:59:53+00:00","dateModified":"2018-12-07T15:30:59+00:00","breadcrumb":{"@id":"https:\/\/www.kreat-ing.com\/contact\/#breadcrumb"},"inLanguage":"ro-RO","potentialAction":[{"@type":"ReadAction","target":["https:\/\/www.kreat-ing.com\/contact\/"]}]},{"@type":"BreadcrumbList","@id":"https:\/\/www.kreat-ing.com\/contact\/#breadcrumb","itemListElement":[{"@type":"ListItem","position":1,"name":"Home","item":"https:\/\/www.kreat-ing.com\/"},{"@type":"ListItem","position":2,"name":"Contact"}]},{"@type":"WebSite","@id":"https:\/\/www.kreat-ing.com\/#website","url":"https:\/\/www.kreat-ing.com\/","name":"Suprafe\u021be Profesionale din Beton","description":"Drumuri, aeropoarte, pardoseli industriale.","publisher":{"@id":"https:\/\/www.kreat-ing.com\/#organization"},"potentialAction":[{"@type":"SearchAction","target":{"@type":"EntryPoint","urlTemplate":"https:\/\/www.kreat-ing.com\/?s={search_term_string}"},"query-input":{"@type":"PropertyValueSpecification","valueRequired":true,"valueName":"search_term_string"}}],"inLanguage":"ro-RO"},{"@type":"Organization","@id":"https:\/\/www.kreat-ing.com\/#organization","name":"Kreat-Ing SRL","url":"https:\/\/www.kreat-ing.com\/","logo":{"@type":"ImageObject","inLanguage":"ro-RO","@id":"https:\/\/www.kreat-ing.com\/#\/schema\/logo\/image\/","url":"https:\/\/www.kreat-ing.com\/wp-content\/uploads\/2018\/06\/Logo.jpg","contentUrl":"https:\/\/www.kreat-ing.com\/wp-content\/uploads\/2018\/06\/Logo.jpg","width":1845,"height":409,"caption":"Kreat-Ing SRL"},"image":{"@id":"https:\/\/www.kreat-ing.com\/#\/schema\/logo\/image\/"}}]}},"_links":{"self":[{"href":"https:\/\/www.kreat-ing.com\/ro\/wp-json\/wp\/v2\/pages\/14365"}],"collection":[{"href":"https:\/\/www.kreat-ing.com\/ro\/wp-json\/wp\/v2\/pages"}],"about":[{"href":"https:\/\/www.kreat-ing.com\/ro\/wp-json\/wp\/v2\/types\/page"}],"author":[{"embeddable":true,"href":"https:\/\/www.kreat-ing.com\/ro\/wp-json\/wp\/v2\/users\/1"}],"replies":[{"embeddable":true,"href":"https:\/\/www.kreat-ing.com\/ro\/wp-json\/wp\/v2\/comments?post=14365"}],"version-history":[{"count":0,"href":"https:\/\/www.kreat-ing.com\/ro\/wp-json\/wp\/v2\/pages\/14365\/revisions"}],"wp:attachment":[{"href":"https:\/\/www.kreat-ing.com\/ro\/wp-json\/wp\/v2\/media?parent=14365"}],"curies":[{"name":"wp","href":"https:\/\/api.w.org\/{rel}","templated":true}]}}