{"id":15398,"date":"2020-03-05T07:38:51","date_gmt":"2020-03-05T07:38:51","guid":{"rendered":"http:\/\/www.kreat-ing.com\/?page_id=15398"},"modified":"2020-04-28T12:20:20","modified_gmt":"2020-04-28T12:20:20","slug":"referinte","status":"publish","type":"page","link":"https:\/\/www.kreat-ing.com\/ro\/referinte\/","title":{"rendered":"Referinte"},"content":{"rendered":"<p>[vc_row][vc_column]<div class=\"dfd-spacer-module\"  data-units=\"px\" data-wide_resolution=\"1280\" data-wide_size=\"40\" data-normal_resolution=\"1024\" data-normal_size=\"40\" data-tablet_resolution=\"800\" data-tablet_size=\"5\" data-mobile_resolution=\"480\" data-mobile_size=\"5\" style=\"height: 40px;\"><\/div><div class=\"dfd-heading-shortcode\"><div class=\"dfd-heading-module-wrap  text-center style_11 dfd-heading-6a05d52060bcf dfd-disable-resposive-headings\" id=\"dfd-heading-6a05d52060bcf\" ><div class=\"inline-block\"><div class=\"dfd-heading-module\"><div class=\"title-wrap\"><div class=\"dfd-heading-delimiter dfd-img-lazy-load\"><\/div><h5 class=\"widget-title dfd-title \" style=\"\">REFERINTE<\/h5><div class=\"dfd-heading-delimiter dfd-img-lazy-load\"><\/div><\/div><\/div><\/div><\/div><script type=\"text\/javascript\">\r\n\t\t\t\t\t\t\t\t\t(function($) {\r\n\t\t\t\t\t\t\t\t\t\t$(\"head\").append(\"<style>.dfd-heading-6a05d52060bcf.dfd-heading-module-wrap .dfd-heading-module .dfd-heading-delimiter {border-bottom-style:solid;border-bottom-width:1px;width:px;border-bottom-color:#6dab3c;}.dfd-heading-6a05d52060bcf.dfd-heading-module-wrap .dfd-heading-module .dfd-heading-delimiter {margin-top:10px;margin-bottom:10px;}<\/style>\");\r\n\t\t\t\t\t\t\t\t\t})(jQuery);\r\n\t\t\t\t\t\t\t\t<\/script><\/div>[\/vc_column][\/vc_row][vc_row][vc_column]<div class=\"dfd-spacer-module\"  data-units=\"px\" data-wide_resolution=\"1280\" data-wide_size=\"20\" data-normal_resolution=\"1024\" data-normal_size=\"20\" data-tablet_resolution=\"800\" data-tablet_size=\"0\" data-mobile_resolution=\"480\" data-mobile_size=\"0\" style=\"height: 20px;\"><\/div><div class=\"dfd-heading-shortcode\"><div class=\"dfd-heading-module-wrap  text-left style_01 dfd-heading-6a05d52060ec3 dfd-disable-resposive-headings\" id=\"dfd-heading-6a05d52060ec3\" ><div class=\"inline-block\"><div class=\"dfd-heading-module\"><h5 class=\"widget-title dfd-title \" style=\"\"><\/p>\n<h5>Execu\u021bie suprafe\u021be exterioare de beton<\/h5>\n<p><\/h5><div class=\"dfd-heading-delimiter dfd-img-lazy-load\"><\/div><\/div><\/div><\/div><script type=\"text\/javascript\">\r\n\t\t\t\t\t\t\t\t\t(function($) {\r\n\t\t\t\t\t\t\t\t\t\t$(\"head\").append(\"<style>.dfd-heading-6a05d52060ec3.dfd-heading-module-wrap .dfd-heading-module .dfd-heading-delimiter {border-bottom-style:solid;border-bottom-width:1px;width:px;border-bottom-color:#6dab3c;}.dfd-heading-6a05d52060ec3.dfd-heading-module-wrap .dfd-heading-module .dfd-heading-delimiter {margin-top:10px;margin-bottom:10px;}<\/style>\");\r\n\t\t\t\t\t\t\t\t\t})(jQuery);\r\n\t\t\t\t\t\t\t\t<\/script><\/div>[vc_column_text]<a href=\"http:\/\/www.kreat-ing.com\/fotografii-video\/#baza-aeriana\">&#8211; Baza Aerian\u0103 MH 59. Szentgy\u00f6rgyi Dezs\u0151 &#8211; Kecskem\u00e9t (HU)<\/a><br \/>\n<a href=\"http:\/\/www.kreat-ing.com\/fotografii-video\/\">&#8211; Aeroportul Interna\u021bional \u2013 Bra\u0219ov (RO)<\/a><br \/>\n<a href=\"http:\/\/www.kreat-ing.com\/fotografii-video\/#aeroport-targu-mures\">&#8211; Aeroportul Transilvania \u2013 T\u00e2rgu Mure\u0219 (RO)<\/a><br \/>\n<a href=\"http:\/\/www.kreat-ing.com\/fotografii-video\/#hala-depozitare\">&#8211; Parcare exterioar\u0103 \u2013 Hal\u0103 de depozitare \u2013 T\u00e2rgu Mure\u0219 (RO)<\/a>[\/vc_column_text][\/vc_column][\/vc_row][vc_row][vc_column]<div class=\"dfd-spacer-module\"  data-units=\"px\" data-wide_resolution=\"1280\" data-wide_size=\"20\" data-normal_resolution=\"1024\" data-normal_size=\"20\" data-tablet_resolution=\"800\" data-tablet_size=\"0\" data-mobile_resolution=\"480\" data-mobile_size=\"0\" style=\"height: 20px;\"><\/div><div class=\"dfd-heading-shortcode\"><div class=\"dfd-heading-module-wrap  text-left style_01 dfd-heading-6a05d52061192 dfd-disable-resposive-headings\" id=\"dfd-heading-6a05d52061192\" ><div class=\"inline-block\"><div class=\"dfd-heading-module\"><h5 class=\"widget-title dfd-title \" style=\"\"><\/p>\n<h5>Execu\u021bie pardoseli \u0219i plan\u0219ee industriale<\/h5>\n<p><\/h5><div class=\"dfd-heading-delimiter dfd-img-lazy-load\"><\/div><\/div><\/div><\/div><script type=\"text\/javascript\">\r\n\t\t\t\t\t\t\t\t\t(function($) {\r\n\t\t\t\t\t\t\t\t\t\t$(\"head\").append(\"<style>.dfd-heading-6a05d52061192.dfd-heading-module-wrap .dfd-heading-module .dfd-heading-delimiter {border-bottom-style:solid;border-bottom-width:1px;width:px;border-bottom-color:#6dab3c;}.dfd-heading-6a05d52061192.dfd-heading-module-wrap .dfd-heading-module .dfd-heading-delimiter {margin-top:10px;margin-bottom:10px;}<\/style>\");\r\n\t\t\t\t\t\t\t\t\t})(jQuery);\r\n\t\t\t\t\t\t\t\t<\/script><\/div>[vc_column_text][\/vc_column_text][\/vc_column][\/vc_row][vc_row][vc_column]<div class=\"dfd-spacer-module\"  data-units=\"px\" data-wide_resolution=\"1280\" data-wide_size=\"20\" data-normal_resolution=\"1024\" data-normal_size=\"20\" data-tablet_resolution=\"800\" data-tablet_size=\"0\" data-mobile_resolution=\"480\" data-mobile_size=\"0\" style=\"height: 20px;\"><\/div><div class=\"dfd-heading-shortcode\"><div class=\"dfd-heading-module-wrap  text-left style_01 dfd-heading-6a05d52061457 dfd-disable-resposive-headings\" id=\"dfd-heading-6a05d52061457\" ><div class=\"inline-block\"><div class=\"dfd-heading-module\"><h5 class=\"widget-title dfd-title \" style=\"\"><\/p>\n<h5>Aplicare r\u0103\u0219in\u0103 epoxipic\u0103<\/h5>\n<p><\/h5><div class=\"dfd-heading-delimiter dfd-img-lazy-load\"><\/div><\/div><\/div><\/div><script type=\"text\/javascript\">\r\n\t\t\t\t\t\t\t\t\t(function($) {\r\n\t\t\t\t\t\t\t\t\t\t$(\"head\").append(\"<style>.dfd-heading-6a05d52061457.dfd-heading-module-wrap .dfd-heading-module .dfd-heading-delimiter {border-bottom-style:solid;border-bottom-width:1px;width:px;border-bottom-color:#6dab3c;}.dfd-heading-6a05d52061457.dfd-heading-module-wrap .dfd-heading-module .dfd-heading-delimiter {margin-top:10px;margin-bottom:10px;}<\/style>\");\r\n\t\t\t\t\t\t\t\t\t})(jQuery);\r\n\t\t\t\t\t\t\t\t<\/script><\/div>[vc_column_text][\/vc_column_text][\/vc_column][\/vc_row]<\/p>\n","protected":false},"excerpt":{"rendered":"<p>[vc_row][vc_column][\/vc_column][\/vc_row][vc_row][vc_column][vc_column_text]&#8211; Baza Aerian\u0103 MH 59. Szentgy\u00f6rgyi Dezs\u0151 &#8211; Kecskem\u00e9t (HU) &#8211; Aeroportul Interna\u021bional \u2013 Bra\u0219ov (RO) &#8211; Aeroportul Transilvania \u2013 T\u00e2rgu Mure\u0219 (RO) &#8211; Parcare exterioar\u0103 \u2013 Hal\u0103 de depozitare<\/p>\n","protected":false},"author":1,"featured_media":0,"parent":0,"menu_order":0,"comment_status":"closed","ping_status":"closed","template":"","meta":{"footnotes":""},"class_list":["post-15398","page","type-page","status-publish","hentry"],"yoast_head":"<!-- This site is optimized with the Yoast SEO plugin v23.6 - https:\/\/yoast.com\/wordpress\/plugins\/seo\/ -->\n<title>Referinte - Suprafe\u021be Profesionale din Beton<\/title>\n<meta name=\"robots\" content=\"index, follow, max-snippet:-1, max-image-preview:large, max-video-preview:-1\" \/>\n<link rel=\"canonical\" href=\"https:\/\/www.kreat-ing.com\/referinte\/\" \/>\n<meta property=\"og:locale\" content=\"ro_RO\" \/>\n<meta property=\"og:type\" content=\"article\" \/>\n<meta property=\"og:title\" content=\"Referinte - Suprafe\u021be Profesionale din Beton\" \/>\n<meta property=\"og:description\" content=\"[vc_row][vc_column][\/vc_column][\/vc_row][vc_row][vc_column][vc_column_text]&#8211; Baza Aerian\u0103 MH 59. Szentgy\u00f6rgyi Dezs\u0151 &#8211; Kecskem\u00e9t (HU) &#8211; Aeroportul Interna\u021bional \u2013 Bra\u0219ov (RO) &#8211; Aeroportul Transilvania \u2013 T\u00e2rgu Mure\u0219 (RO) &#8211; Parcare exterioar\u0103 \u2013 Hal\u0103 de depozitare\" \/>\n<meta property=\"og:url\" content=\"https:\/\/www.kreat-ing.com\/referinte\/\" \/>\n<meta property=\"og:site_name\" content=\"Suprafe\u021be Profesionale din Beton\" \/>\n<meta property=\"article:modified_time\" content=\"2020-04-28T12:20:20+00:00\" \/>\n<meta name=\"twitter:card\" content=\"summary_large_image\" \/>\n<meta name=\"twitter:label1\" content=\"Timp estimat pentru citire\" \/>\n\t<meta name=\"twitter:data1\" content=\"2 minute\" \/>\n<script type=\"application\/ld+json\" class=\"yoast-schema-graph\">{\"@context\":\"https:\/\/schema.org\",\"@graph\":[{\"@type\":\"WebPage\",\"@id\":\"https:\/\/www.kreat-ing.com\/referinte\/\",\"url\":\"https:\/\/www.kreat-ing.com\/referinte\/\",\"name\":\"Referinte - Suprafe\u021be Profesionale din Beton\",\"isPartOf\":{\"@id\":\"https:\/\/www.kreat-ing.com\/#website\"},\"datePublished\":\"2020-03-05T07:38:51+00:00\",\"dateModified\":\"2020-04-28T12:20:20+00:00\",\"breadcrumb\":{\"@id\":\"https:\/\/www.kreat-ing.com\/referinte\/#breadcrumb\"},\"inLanguage\":\"ro-RO\",\"potentialAction\":[{\"@type\":\"ReadAction\",\"target\":[\"https:\/\/www.kreat-ing.com\/referinte\/\"]}]},{\"@type\":\"BreadcrumbList\",\"@id\":\"https:\/\/www.kreat-ing.com\/referinte\/#breadcrumb\",\"itemListElement\":[{\"@type\":\"ListItem\",\"position\":1,\"name\":\"Home\",\"item\":\"https:\/\/www.kreat-ing.com\/\"},{\"@type\":\"ListItem\",\"position\":2,\"name\":\"Referinte\"}]},{\"@type\":\"WebSite\",\"@id\":\"https:\/\/www.kreat-ing.com\/#website\",\"url\":\"https:\/\/www.kreat-ing.com\/\",\"name\":\"Suprafe\u021be Profesionale din Beton\",\"description\":\"Drumuri, aeropoarte, pardoseli industriale.\",\"publisher\":{\"@id\":\"https:\/\/www.kreat-ing.com\/#organization\"},\"potentialAction\":[{\"@type\":\"SearchAction\",\"target\":{\"@type\":\"EntryPoint\",\"urlTemplate\":\"https:\/\/www.kreat-ing.com\/?s={search_term_string}\"},\"query-input\":{\"@type\":\"PropertyValueSpecification\",\"valueRequired\":true,\"valueName\":\"search_term_string\"}}],\"inLanguage\":\"ro-RO\"},{\"@type\":\"Organization\",\"@id\":\"https:\/\/www.kreat-ing.com\/#organization\",\"name\":\"Kreat-Ing SRL\",\"url\":\"https:\/\/www.kreat-ing.com\/\",\"logo\":{\"@type\":\"ImageObject\",\"inLanguage\":\"ro-RO\",\"@id\":\"https:\/\/www.kreat-ing.com\/#\/schema\/logo\/image\/\",\"url\":\"https:\/\/www.kreat-ing.com\/wp-content\/uploads\/2018\/06\/Logo.jpg\",\"contentUrl\":\"https:\/\/www.kreat-ing.com\/wp-content\/uploads\/2018\/06\/Logo.jpg\",\"width\":1845,\"height\":409,\"caption\":\"Kreat-Ing SRL\"},\"image\":{\"@id\":\"https:\/\/www.kreat-ing.com\/#\/schema\/logo\/image\/\"}}]}<\/script>\n<!-- \/ Yoast SEO plugin. -->","yoast_head_json":{"title":"Referinte - Suprafe\u021be Profesionale din Beton","robots":{"index":"index","follow":"follow","max-snippet":"max-snippet:-1","max-image-preview":"max-image-preview:large","max-video-preview":"max-video-preview:-1"},"canonical":"https:\/\/www.kreat-ing.com\/referinte\/","og_locale":"ro_RO","og_type":"article","og_title":"Referinte - Suprafe\u021be Profesionale din Beton","og_description":"[vc_row][vc_column][\/vc_column][\/vc_row][vc_row][vc_column][vc_column_text]&#8211; Baza Aerian\u0103 MH 59. Szentgy\u00f6rgyi Dezs\u0151 &#8211; Kecskem\u00e9t (HU) &#8211; Aeroportul Interna\u021bional \u2013 Bra\u0219ov (RO) &#8211; Aeroportul Transilvania \u2013 T\u00e2rgu Mure\u0219 (RO) &#8211; Parcare exterioar\u0103 \u2013 Hal\u0103 de depozitare","og_url":"https:\/\/www.kreat-ing.com\/referinte\/","og_site_name":"Suprafe\u021be Profesionale din Beton","article_modified_time":"2020-04-28T12:20:20+00:00","twitter_card":"summary_large_image","twitter_misc":{"Timp estimat pentru citire":"2 minute"},"schema":{"@context":"https:\/\/schema.org","@graph":[{"@type":"WebPage","@id":"https:\/\/www.kreat-ing.com\/referinte\/","url":"https:\/\/www.kreat-ing.com\/referinte\/","name":"Referinte - Suprafe\u021be Profesionale din Beton","isPartOf":{"@id":"https:\/\/www.kreat-ing.com\/#website"},"datePublished":"2020-03-05T07:38:51+00:00","dateModified":"2020-04-28T12:20:20+00:00","breadcrumb":{"@id":"https:\/\/www.kreat-ing.com\/referinte\/#breadcrumb"},"inLanguage":"ro-RO","potentialAction":[{"@type":"ReadAction","target":["https:\/\/www.kreat-ing.com\/referinte\/"]}]},{"@type":"BreadcrumbList","@id":"https:\/\/www.kreat-ing.com\/referinte\/#breadcrumb","itemListElement":[{"@type":"ListItem","position":1,"name":"Home","item":"https:\/\/www.kreat-ing.com\/"},{"@type":"ListItem","position":2,"name":"Referinte"}]},{"@type":"WebSite","@id":"https:\/\/www.kreat-ing.com\/#website","url":"https:\/\/www.kreat-ing.com\/","name":"Suprafe\u021be Profesionale din Beton","description":"Drumuri, aeropoarte, pardoseli industriale.","publisher":{"@id":"https:\/\/www.kreat-ing.com\/#organization"},"potentialAction":[{"@type":"SearchAction","target":{"@type":"EntryPoint","urlTemplate":"https:\/\/www.kreat-ing.com\/?s={search_term_string}"},"query-input":{"@type":"PropertyValueSpecification","valueRequired":true,"valueName":"search_term_string"}}],"inLanguage":"ro-RO"},{"@type":"Organization","@id":"https:\/\/www.kreat-ing.com\/#organization","name":"Kreat-Ing SRL","url":"https:\/\/www.kreat-ing.com\/","logo":{"@type":"ImageObject","inLanguage":"ro-RO","@id":"https:\/\/www.kreat-ing.com\/#\/schema\/logo\/image\/","url":"https:\/\/www.kreat-ing.com\/wp-content\/uploads\/2018\/06\/Logo.jpg","contentUrl":"https:\/\/www.kreat-ing.com\/wp-content\/uploads\/2018\/06\/Logo.jpg","width":1845,"height":409,"caption":"Kreat-Ing SRL"},"image":{"@id":"https:\/\/www.kreat-ing.com\/#\/schema\/logo\/image\/"}}]}},"_links":{"self":[{"href":"https:\/\/www.kreat-ing.com\/ro\/wp-json\/wp\/v2\/pages\/15398"}],"collection":[{"href":"https:\/\/www.kreat-ing.com\/ro\/wp-json\/wp\/v2\/pages"}],"about":[{"href":"https:\/\/www.kreat-ing.com\/ro\/wp-json\/wp\/v2\/types\/page"}],"author":[{"embeddable":true,"href":"https:\/\/www.kreat-ing.com\/ro\/wp-json\/wp\/v2\/users\/1"}],"replies":[{"embeddable":true,"href":"https:\/\/www.kreat-ing.com\/ro\/wp-json\/wp\/v2\/comments?post=15398"}],"version-history":[{"count":0,"href":"https:\/\/www.kreat-ing.com\/ro\/wp-json\/wp\/v2\/pages\/15398\/revisions"}],"wp:attachment":[{"href":"https:\/\/www.kreat-ing.com\/ro\/wp-json\/wp\/v2\/media?parent=15398"}],"curies":[{"name":"wp","href":"https:\/\/api.w.org\/{rel}","templated":true}]}}